{"id":1303,"date":"2025-06-30T14:04:47","date_gmt":"2025-06-30T12:04:47","guid":{"rendered":"https:\/\/www.moodbites.eu\/politica-de-privacidad\/"},"modified":"2025-11-17T14:12:27","modified_gmt":"2025-11-17T13:12:27","slug":"politica-de-privacidad","status":"publish","type":"page","link":"https:\/\/www.moodbites.eu\/es\/politica-de-privacidad\/","title":{"rendered":"Pol\u00edtica de Privacidad"},"content":{"rendered":"\n<div style=\"height:100px\" aria-hidden=\"true\" class=\"wp-block-spacer\"><\/div>\n\n<h1 class=\"wp-block-heading\">\ud83d\udcdc Pol\u00edtica de Privacidad \u2013 moodbites.eu<\/h1>\n\n<p><strong>Fecha efectiva:<\/strong> [18-10-2025]<\/p>\n\n<h2 class=\"wp-block-heading\">1. Introducci\u00f3n<\/h2>\n\n<p>Esta pol\u00edtica de privacidad describe c\u00f3mo procesamos y protegemos sus datos personales cuando utiliza el sitio web <a class=\"\" href=\"http:\/\/www.moodbites.eu\"><strong>www.moodbites.eu<\/strong><\/a>, de conformidad con el <strong>Reglamento General de Protecci\u00f3n de Datos (RGPD) <\/strong>y otras leyes de protecci\u00f3n de datos de la UE aplicables.<\/p>\n\n<p><strong>moodbites.eu<\/strong> es el sitio web oficial del <strong>Proyecto MOODBites<\/strong>, cofinanciado por la <strong>Uni\u00f3n Europea<\/strong> y coordinado por:<\/p>\n\n<p><strong>Fundaci\u00f3n INTRAS<\/strong><br\/>C\/ Mart\u00edn Santos Romero, 1 \u2013 47016 Valladolid (Espa\u00f1a)<br\/>Email: <a>intras@intras.es<\/a><br\/>Responsable de Protecci\u00f3n de Datos: <a>dpo@intras.es<\/a><\/p>\n\n<hr class=\"wp-block-separator has-alpha-channel-opacity is-style-wide\"\/>\n\n<h2 class=\"wp-block-heading\">2. \u00bfQu\u00e9 datos personales recopilamos?<\/h2>\n\n<p>Podemos recopilar y procesar los siguientes datos personales:<\/p>\n\n<ul class=\"wp-block-list\">\n<li>Datos de identificaci\u00f3n: nombre, apellidos, direcci\u00f3n de correo electr\u00f3nico (cuando se facilita voluntariamente a trav\u00e9s del formulario de contacto).<\/li>\n\n\n\n<li>Datos de comunicaci\u00f3n: mensajes o solicitudes enviados a trav\u00e9s del sitio web<\/li>\n\n\n\n<li>Datos de comunicaci\u00f3n: mensajes o solicitudes enviados a trav\u00e9s del sitio web<\/li>\n<\/ul>\n\n<p>No recopilamos categor\u00edas especiales de datos (por ejemplo, salud, creencias pol\u00edticas, etc.).<\/p>\n\n<hr class=\"wp-block-separator has-alpha-channel-opacity is-style-wide\"\/>\n\n<h2 class=\"wp-block-heading\">3. Finalidad del tratamiento de datos<\/h2>\n\n<p>Procesamos sus datos personales para los siguientes fines:<\/p>\n\n<ul class=\"wp-block-list\">\n<li>Para responder a sus solicitudes de contacto<\/li>\n\n\n\n<li>Para gestionar su participaci\u00f3n en actividades relacionadas con MOODBites (si corresponde)<\/li>\n\n\n\n<li>Para analizar el tr\u00e1fico del sitio web y mejorar la experiencia del usuario (solo si se aceptan las cookies).<\/li>\n\n\n\n<li>Para cumplir con las obligaciones de transparencia de los proyectos financiados por la UE<\/li>\n<\/ul>\n\n<p>No utilizamos sus datos con fines comerciales, y no enviamos boletines informativos a menos que usted se suscriba expl\u00edcitamente.<\/p>\n\n<hr class=\"wp-block-separator has-alpha-channel-opacity is-style-wide\"\/>\n\n<h2 class=\"wp-block-heading\">4. Base Legal<\/h2>\n\n<p>Las bases legales para el tratamiento de sus datos son:<\/p>\n\n<ul class=\"wp-block-list\">\n<li><strong>Consentimiento <\/strong>(Art. 6.1.a RGPD): cuando usted proporciona voluntariamente sus datos a trav\u00e9s del formulario de contacto o acepta las cookies.<\/li>\n\n\n\n<li><strong>Inter\u00e9s p\u00fablico\/misi\u00f3n <\/strong>(Art. 6.1.e RGPD): cuando el tratamiento de datos sea necesario para la ejecuci\u00f3n y comunicaci\u00f3n del proyecto MOODBites, financiado por la UE.<\/li>\n\n\n\n<li><strong>Obligaciones legales<\/strong>: si as\u00ed lo exigen las normas de auditor\u00eda de la UE.<\/li>\n<\/ul>\n\n<hr class=\"wp-block-separator has-alpha-channel-opacity is-style-wide\"\/>\n\n<h2 class=\"wp-block-heading\">5. Retenci\u00f3n de datos<\/h2>\n\n<p>Conservamos los datos personales \u00fanicamente durante el tiempo necesario para cumplir con los fines para los que fueron recopilados.<\/p>\n\n<p>En cumplimiento de las normas de financiaci\u00f3n de la UE (por ejemplo, Horizonte, Interreg), los datos podr\u00e1n conservarse durante un m\u00e1ximo de <strong>5 a\u00f1os despu\u00e9s del cierre del proyecto<\/strong>, con fines de auditor\u00eda y verificaci\u00f3n.<\/p>\n\n<hr class=\"wp-block-separator has-alpha-channel-opacity is-style-wide\"\/>\n\n<h2 class=\"wp-block-heading\">6. Destinatarios de los datos<\/h2>\n\n<p>Sus datos <strong>no<\/strong> se compartir\u00e1n con terceros con fines comerciales.<\/p>\n\n<ul class=\"wp-block-list\">\n<li>Socios del proyecto MOODBites (solo si es necesario y bajo acuerdos de responsabilidad conjunta)<\/li>\n\n\n\n<li>Instituciones p\u00fablicas o servicios de la Comisi\u00f3n Europea (si fuera necesario)<\/li>\n\n\n\n<li>Proveedores de servicios tecnol\u00f3gicos (como alojamiento web o servidores de correo electr\u00f3nico) que act\u00faan como encargados del tratamiento de datos conforme al art\u00edculo 28 del RGPD, con contratos firmados que garantizan el cumplimiento<\/li>\n<\/ul>\n\n<hr class=\"wp-block-separator has-alpha-channel-opacity is-style-wide\"\/>\n\n<h2 class=\"wp-block-heading\">7. Transferencias internacionales de datos<\/h2>\n\n<p>No se prev\u00e9n transferencias internacionales de datos.<br\/>Si en alg\u00fan momento utilizamos servicios o herramientas ubicados fuera del Espacio Econ\u00f3mico Europeo (EEE), se garantizar\u00e1n las salvaguardias adecuadas (por ejemplo, cl\u00e1usulas contractuales tipo aprobadas por la Comisi\u00f3n Europea).<\/p>\n\n<hr class=\"wp-block-separator has-alpha-channel-opacity is-style-wide\"\/>\n\n<h2 class=\"wp-block-heading\">8. Derechos del interesado<\/h2>\n\n<p>Usted tiene derecho a:<\/p>\n\n<ul class=\"wp-block-list\">\n<li>Acceda a sus datos personales<\/li>\n\n\n\n<li>Solicitar la rectificaci\u00f3n de datos inexactos<\/li>\n\n\n\n<li>Solicita la eliminaci\u00f3n de tus datos cuando ya no sean necesarios.<\/li>\n\n\n\n<li>Oponerse o restringir el procesamiento en determinados casos<\/li>\n\n\n\n<li>Solicitar la portabilidad de datos (en los casos que corresponda)<\/li>\n\n\n\n<li>Puedes retirar tu consentimiento en cualquier momento.<\/li>\n<\/ul>\n\n<p>Para ejercer cualquiera de estos derechos, p\u00f3ngase en contacto con: <strong><a>intras@intras.es<\/a><\/strong><br\/>Tambi\u00e9n tiene derecho a presentar una reclamaci\u00f3n ante la<strong> Agencia Espa\u00f1ola de Protecci\u00f3n de Datos (AEPD):<\/strong> <a class=\"\" href=\"http:\/\/www.aepd.es\">www.aepd.es<\/a><\/p>\n\n<hr class=\"wp-block-separator has-alpha-channel-opacity is-style-wide\"\/>\n\n<h2 class=\"wp-block-heading\">9. Seguridad de los datos<\/h2>\n\n<p>Aplicamos medidas t\u00e9cnicas y organizativas para proteger sus datos, entre las que se incluyen:<\/p>\n\n<ul class=\"wp-block-list\">\n<li>Cifrado SSL (HTTPS)<\/li>\n\n\n\n<li>Alojamiento seguro dentro de la UE<\/li>\n\n\n\n<li>Acceso limitado a los datos \u00fanicamente por personal autorizado.<\/li>\n\n\n\n<li>Copias de seguridad y monitorizaci\u00f3n regulares<\/li>\n<\/ul>\n\n<hr class=\"wp-block-separator has-alpha-channel-opacity is-style-wide\"\/>\n\n<h2 class=\"wp-block-heading\">10. Cookies<\/h2>\n\n<p>Este sitio web utiliza cookies con fines estad\u00edsticos y para mejorar su experiencia.<\/p>\n\n<p>Las cookies no esenciales solo se activar\u00e1n si usted da su <strong>consentimiento expl\u00edcito<\/strong> a trav\u00e9s de nuestro aviso de cookies. Puede configurar sus preferencias o retirar su consentimiento en cualquier momento. Para m\u00e1s informaci\u00f3n, consulte nuestra <a>Pol\u00edtica de Cookies<\/a>.  <\/p>\n\n<hr class=\"wp-block-separator has-alpha-channel-opacity is-style-wide\"\/>\n\n<h2 class=\"wp-block-heading\">11. Cambios en esta pol\u00edtica<\/h2>\n\n<p>Podemos actualizar esta pol\u00edtica en respuesta a cambios legales o funcionales. La versi\u00f3n m\u00e1s reciente siempre estar\u00e1 disponible en esta p\u00e1gina. <\/p>\n\n<hr class=\"wp-block-separator has-alpha-channel-opacity is-style-wide\"\/>\n\n<h2 class=\"wp-block-heading\">12. Contacto<\/h2>\n\n<p>Para cualquier pregunta sobre esta Pol\u00edtica de Privacidad o el uso de sus datos:<\/p>\n\n<p><strong>Fundaci\u00f3n INTRAS<\/strong><br\/>Email: <a>intras@intras.es<\/a><br\/>Direcci\u00f3n: C\/ Mart\u00edn Santos Romero, 1 \u2013 47016 Valladolid (Espa\u00f1a)<\/p>\n\n<p><\/p>\n\n<p><\/p>\n","protected":false},"excerpt":{"rendered":"<p>\ud83d\udcdc Pol\u00edtica de Privacidad \u2013 moodbites.eu Fecha efectiva: [18-10-2025] 1. Introducci\u00f3n Esta pol\u00edtica de privacidad describe c\u00f3mo procesamos y protegemos [&hellip;]<\/p>\n","protected":false},"author":1,"featured_media":1304,"parent":0,"menu_order":0,"comment_status":"closed","ping_status":"closed","template":"","meta":{"_coblocks_attr":"","_coblocks_dimensions":"","_coblocks_responsive_height":"","_coblocks_accordion_ie_support":"","_uag_custom_page_level_css":"","_uf_show_specific_survey":0,"_uf_disable_surveys":false,"site-sidebar-layout":"default","site-content-layout":"","ast-site-content-layout":"default","site-content-style":"default","site-sidebar-style":"default","ast-global-header-display":"","ast-banner-title-visibility":"","ast-main-header-display":"","ast-hfb-above-header-display":"","ast-hfb-below-header-display":"","ast-hfb-mobile-header-display":"","site-post-title":"disabled","ast-breadcrumbs-content":"","ast-featured-img":"","footer-sml-layout":"","theme-transparent-header-meta":"","adv-header-id-meta":"","stick-header-meta":"","header-above-stick-meta":"","header-main-stick-meta":"","header-below-stick-meta":"","astra-migrate-meta-layouts":"default","ast-page-background-enabled":"default","ast-page-background-meta":{"desktop":{"background-color":"var(--ast-global-color-5)","background-image":"","background-repeat":"repeat","background-position":"center center","background-size":"auto","background-attachment":"scroll","background-type":"","background-media":"","overlay-type":"","overlay-color":"","overlay-opacity":"","overlay-gradient":""},"tablet":{"background-color":"","background-image":"","background-repeat":"repeat","background-position":"center center","background-size":"auto","background-attachment":"scroll","background-type":"","background-media":"","overlay-type":"","overlay-color":"","overlay-opacity":"","overlay-gradient":""},"mobile":{"background-color":"","background-image":"","background-repeat":"repeat","background-position":"center center","background-size":"auto","background-attachment":"scroll","background-type":"","background-media":"","overlay-type":"","overlay-color":"","overlay-opacity":"","overlay-gradient":""}},"ast-content-background-meta":{"desktop":{"background-color":"var(--ast-global-color-4)","background-image":"","background-repeat":"repeat","background-position":"center center","background-size":"auto","background-attachment":"scroll","background-type":"","background-media":"","overlay-type":"","overlay-color":"","overlay-opacity":"","overlay-gradient":""},"tablet":{"background-color":"var(--ast-global-color-4)","background-image":"","background-repeat":"repeat","background-position":"center center","background-size":"auto","background-attachment":"scroll","background-type":"","background-media":"","overlay-type":"","overlay-color":"","overlay-opacity":"","overlay-gradient":""},"mobile":{"background-color":"var(--ast-global-color-4)","background-image":"","background-repeat":"repeat","background-position":"center center","background-size":"auto","background-attachment":"scroll","background-type":"","background-media":"","overlay-type":"","overlay-color":"","overlay-opacity":"","overlay-gradient":""}},"footnotes":""},"class_list":["post-1303","page","type-page","status-publish","has-post-thumbnail","hentry"],"aioseo_notices":[],"yoast_head":"<!-- This site is optimized with the Yoast SEO plugin v27.3 - https:\/\/yoast.com\/product\/yoast-seo-wordpress\/ -->\n<title>Pol\u00edtica de Privacidad -<\/title>\n<meta name=\"robots\" content=\"index, follow, max-snippet:-1, max-image-preview:large, max-video-preview:-1\" \/>\n<link rel=\"canonical\" href=\"https:\/\/www.moodbites.eu\/es\/politica-de-privacidad\/\" \/>\n<meta property=\"og:locale\" content=\"es_ES\" \/>\n<meta property=\"og:type\" content=\"article\" \/>\n<meta property=\"og:title\" content=\"Pol\u00edtica de Privacidad -\" \/>\n<meta property=\"og:description\" content=\"\ud83d\udcdc Pol\u00edtica de Privacidad \u2013 moodbites.eu Fecha efectiva: [18-10-2025] 1. Introducci\u00f3n Esta pol\u00edtica de privacidad describe c\u00f3mo procesamos y protegemos [&hellip;]\" \/>\n<meta property=\"og:url\" content=\"https:\/\/www.moodbites.eu\/es\/politica-de-privacidad\/\" \/>\n<meta property=\"article:modified_time\" content=\"2025-11-17T13:12:27+00:00\" \/>\n<meta property=\"og:image\" content=\"https:\/\/www.moodbites.eu\/wp-content\/uploads\/2025\/05\/FONDO-ALTERNATIVO.png\" \/>\n\t<meta property=\"og:image:width\" content=\"1920\" \/>\n\t<meta property=\"og:image:height\" content=\"1080\" \/>\n\t<meta property=\"og:image:type\" content=\"image\/png\" \/>\n<meta name=\"twitter:card\" content=\"summary_large_image\" \/>\n<meta name=\"twitter:label1\" content=\"Tiempo de lectura\" \/>\n\t<meta name=\"twitter:data1\" content=\"4 minutos\" \/>\n<script type=\"application\/ld+json\" class=\"yoast-schema-graph\">{\"@context\":\"https:\\\/\\\/schema.org\",\"@graph\":[{\"@type\":\"WebPage\",\"@id\":\"https:\\\/\\\/www.moodbites.eu\\\/es\\\/politica-de-privacidad\\\/\",\"url\":\"https:\\\/\\\/www.moodbites.eu\\\/es\\\/politica-de-privacidad\\\/\",\"name\":\"Pol\u00edtica de Privacidad -\",\"isPartOf\":{\"@id\":\"https:\\\/\\\/www.moodbites.eu\\\/es\\\/#website\"},\"primaryImageOfPage\":{\"@id\":\"https:\\\/\\\/www.moodbites.eu\\\/es\\\/politica-de-privacidad\\\/#primaryimage\"},\"image\":{\"@id\":\"https:\\\/\\\/www.moodbites.eu\\\/es\\\/politica-de-privacidad\\\/#primaryimage\"},\"thumbnailUrl\":\"https:\\\/\\\/www.moodbites.eu\\\/wp-content\\\/uploads\\\/2025\\\/05\\\/FONDO-ALTERNATIVO.png\",\"datePublished\":\"2025-06-30T12:04:47+00:00\",\"dateModified\":\"2025-11-17T13:12:27+00:00\",\"breadcrumb\":{\"@id\":\"https:\\\/\\\/www.moodbites.eu\\\/es\\\/politica-de-privacidad\\\/#breadcrumb\"},\"inLanguage\":\"es\",\"potentialAction\":[{\"@type\":\"ReadAction\",\"target\":[\"https:\\\/\\\/www.moodbites.eu\\\/es\\\/politica-de-privacidad\\\/\"]}]},{\"@type\":\"ImageObject\",\"inLanguage\":\"es\",\"@id\":\"https:\\\/\\\/www.moodbites.eu\\\/es\\\/politica-de-privacidad\\\/#primaryimage\",\"url\":\"https:\\\/\\\/www.moodbites.eu\\\/wp-content\\\/uploads\\\/2025\\\/05\\\/FONDO-ALTERNATIVO.png\",\"contentUrl\":\"https:\\\/\\\/www.moodbites.eu\\\/wp-content\\\/uploads\\\/2025\\\/05\\\/FONDO-ALTERNATIVO.png\",\"width\":1920,\"height\":1080,\"caption\":\"Fondo de pantalla de Moodbites\"},{\"@type\":\"BreadcrumbList\",\"@id\":\"https:\\\/\\\/www.moodbites.eu\\\/es\\\/politica-de-privacidad\\\/#breadcrumb\",\"itemListElement\":[{\"@type\":\"ListItem\",\"position\":1,\"name\":\"Portada\",\"item\":\"https:\\\/\\\/www.moodbites.eu\\\/es\\\/\"},{\"@type\":\"ListItem\",\"position\":2,\"name\":\"Pol\u00edtica de Privacidad\"}]},{\"@type\":\"WebSite\",\"@id\":\"https:\\\/\\\/www.moodbites.eu\\\/es\\\/#website\",\"url\":\"https:\\\/\\\/www.moodbites.eu\\\/es\\\/\",\"name\":\"Moodbites\",\"description\":\"Tailored training program that helps mental health professionals use nutrition to support the well-being of people with mental disorders.\",\"publisher\":{\"@id\":\"https:\\\/\\\/www.moodbites.eu\\\/es\\\/#organization\"},\"potentialAction\":[{\"@type\":\"SearchAction\",\"target\":{\"@type\":\"EntryPoint\",\"urlTemplate\":\"https:\\\/\\\/www.moodbites.eu\\\/es\\\/?s={search_term_string}\"},\"query-input\":{\"@type\":\"PropertyValueSpecification\",\"valueRequired\":true,\"valueName\":\"search_term_string\"}}],\"inLanguage\":\"es\"},{\"@type\":\"Organization\",\"@id\":\"https:\\\/\\\/www.moodbites.eu\\\/es\\\/#organization\",\"name\":\"Moodbites\",\"url\":\"https:\\\/\\\/www.moodbites.eu\\\/es\\\/\",\"logo\":{\"@type\":\"ImageObject\",\"inLanguage\":\"es\",\"@id\":\"https:\\\/\\\/www.moodbites.eu\\\/es\\\/#\\\/schema\\\/logo\\\/image\\\/\",\"url\":\"https:\\\/\\\/www.moodbites.eu\\\/wp-content\\\/uploads\\\/2025\\\/05\\\/logo.png\",\"contentUrl\":\"https:\\\/\\\/www.moodbites.eu\\\/wp-content\\\/uploads\\\/2025\\\/05\\\/logo.png\",\"width\":160,\"height\":68,\"caption\":\"Moodbites\"},\"image\":{\"@id\":\"https:\\\/\\\/www.moodbites.eu\\\/es\\\/#\\\/schema\\\/logo\\\/image\\\/\"}}]}<\/script>\n<!-- \/ Yoast SEO plugin. -->","yoast_head_json":{"title":"Pol\u00edtica de Privacidad -","robots":{"index":"index","follow":"follow","max-snippet":"max-snippet:-1","max-image-preview":"max-image-preview:large","max-video-preview":"max-video-preview:-1"},"canonical":"https:\/\/www.moodbites.eu\/es\/politica-de-privacidad\/","og_locale":"es_ES","og_type":"article","og_title":"Pol\u00edtica de Privacidad -","og_description":"\ud83d\udcdc Pol\u00edtica de Privacidad \u2013 moodbites.eu Fecha efectiva: [18-10-2025] 1. Introducci\u00f3n Esta pol\u00edtica de privacidad describe c\u00f3mo procesamos y protegemos [&hellip;]","og_url":"https:\/\/www.moodbites.eu\/es\/politica-de-privacidad\/","article_modified_time":"2025-11-17T13:12:27+00:00","og_image":[{"width":1920,"height":1080,"url":"https:\/\/www.moodbites.eu\/wp-content\/uploads\/2025\/05\/FONDO-ALTERNATIVO.png","type":"image\/png"}],"twitter_card":"summary_large_image","twitter_misc":{"Tiempo de lectura":"4 minutos"},"schema":{"@context":"https:\/\/schema.org","@graph":[{"@type":"WebPage","@id":"https:\/\/www.moodbites.eu\/es\/politica-de-privacidad\/","url":"https:\/\/www.moodbites.eu\/es\/politica-de-privacidad\/","name":"Pol\u00edtica de Privacidad -","isPartOf":{"@id":"https:\/\/www.moodbites.eu\/es\/#website"},"primaryImageOfPage":{"@id":"https:\/\/www.moodbites.eu\/es\/politica-de-privacidad\/#primaryimage"},"image":{"@id":"https:\/\/www.moodbites.eu\/es\/politica-de-privacidad\/#primaryimage"},"thumbnailUrl":"https:\/\/www.moodbites.eu\/wp-content\/uploads\/2025\/05\/FONDO-ALTERNATIVO.png","datePublished":"2025-06-30T12:04:47+00:00","dateModified":"2025-11-17T13:12:27+00:00","breadcrumb":{"@id":"https:\/\/www.moodbites.eu\/es\/politica-de-privacidad\/#breadcrumb"},"inLanguage":"es","potentialAction":[{"@type":"ReadAction","target":["https:\/\/www.moodbites.eu\/es\/politica-de-privacidad\/"]}]},{"@type":"ImageObject","inLanguage":"es","@id":"https:\/\/www.moodbites.eu\/es\/politica-de-privacidad\/#primaryimage","url":"https:\/\/www.moodbites.eu\/wp-content\/uploads\/2025\/05\/FONDO-ALTERNATIVO.png","contentUrl":"https:\/\/www.moodbites.eu\/wp-content\/uploads\/2025\/05\/FONDO-ALTERNATIVO.png","width":1920,"height":1080,"caption":"Fondo de pantalla de Moodbites"},{"@type":"BreadcrumbList","@id":"https:\/\/www.moodbites.eu\/es\/politica-de-privacidad\/#breadcrumb","itemListElement":[{"@type":"ListItem","position":1,"name":"Portada","item":"https:\/\/www.moodbites.eu\/es\/"},{"@type":"ListItem","position":2,"name":"Pol\u00edtica de Privacidad"}]},{"@type":"WebSite","@id":"https:\/\/www.moodbites.eu\/es\/#website","url":"https:\/\/www.moodbites.eu\/es\/","name":"Moodbites","description":"Tailored training program that helps mental health professionals use nutrition to support the well-being of people with mental disorders.","publisher":{"@id":"https:\/\/www.moodbites.eu\/es\/#organization"},"potentialAction":[{"@type":"SearchAction","target":{"@type":"EntryPoint","urlTemplate":"https:\/\/www.moodbites.eu\/es\/?s={search_term_string}"},"query-input":{"@type":"PropertyValueSpecification","valueRequired":true,"valueName":"search_term_string"}}],"inLanguage":"es"},{"@type":"Organization","@id":"https:\/\/www.moodbites.eu\/es\/#organization","name":"Moodbites","url":"https:\/\/www.moodbites.eu\/es\/","logo":{"@type":"ImageObject","inLanguage":"es","@id":"https:\/\/www.moodbites.eu\/es\/#\/schema\/logo\/image\/","url":"https:\/\/www.moodbites.eu\/wp-content\/uploads\/2025\/05\/logo.png","contentUrl":"https:\/\/www.moodbites.eu\/wp-content\/uploads\/2025\/05\/logo.png","width":160,"height":68,"caption":"Moodbites"},"image":{"@id":"https:\/\/www.moodbites.eu\/es\/#\/schema\/logo\/image\/"}}]}},"uagb_featured_image_src":{"full":["https:\/\/www.moodbites.eu\/wp-content\/uploads\/2025\/05\/FONDO-ALTERNATIVO.png",1920,1080,false],"thumbnail":["https:\/\/www.moodbites.eu\/wp-content\/uploads\/2025\/05\/FONDO-ALTERNATIVO-150x150.png",150,150,true],"medium":["https:\/\/www.moodbites.eu\/wp-content\/uploads\/2025\/05\/FONDO-ALTERNATIVO-300x169.png",300,169,true],"medium_large":["https:\/\/www.moodbites.eu\/wp-content\/uploads\/2025\/05\/FONDO-ALTERNATIVO-768x432.png",768,432,true],"large":["https:\/\/www.moodbites.eu\/wp-content\/uploads\/2025\/05\/FONDO-ALTERNATIVO-1024x576.png",1024,576,true],"course_archive_thumbnail":["https:\/\/www.moodbites.eu\/wp-content\/uploads\/2025\/05\/FONDO-ALTERNATIVO.png",100,56,false],"course_single_thumbnail":["https:\/\/www.moodbites.eu\/wp-content\/uploads\/2025\/05\/FONDO-ALTERNATIVO.png",100,56,false],"lesson_archive_thumbnail":["https:\/\/www.moodbites.eu\/wp-content\/uploads\/2025\/05\/FONDO-ALTERNATIVO.png",100,56,false],"lesson_single_thumbnail":["https:\/\/www.moodbites.eu\/wp-content\/uploads\/2025\/05\/FONDO-ALTERNATIVO.png",100,56,false],"1536x1536":["https:\/\/www.moodbites.eu\/wp-content\/uploads\/2025\/05\/FONDO-ALTERNATIVO-1536x864.png",1536,864,true],"2048x2048":["https:\/\/www.moodbites.eu\/wp-content\/uploads\/2025\/05\/FONDO-ALTERNATIVO.png",1920,1080,false]},"uagb_author_info":{"display_name":"juliacunyADMIN","author_link":"https:\/\/www.moodbites.eu\/es\/author\/juliacunyadmin\/"},"uagb_comment_info":0,"uagb_excerpt":"\ud83d\udcdc Pol\u00edtica de Privacidad \u2013 moodbites.eu Fecha efectiva: [18-10-2025] 1. Introducci\u00f3n Esta pol\u00edtica de privacidad describe c\u00f3mo procesamos y protegemos [&hellip;]","_links":{"self":[{"href":"https:\/\/www.moodbites.eu\/es\/wp-json\/wp\/v2\/pages\/1303","targetHints":{"allow":["GET"]}}],"collection":[{"href":"https:\/\/www.moodbites.eu\/es\/wp-json\/wp\/v2\/pages"}],"about":[{"href":"https:\/\/www.moodbites.eu\/es\/wp-json\/wp\/v2\/types\/page"}],"author":[{"embeddable":true,"href":"https:\/\/www.moodbites.eu\/es\/wp-json\/wp\/v2\/users\/1"}],"replies":[{"embeddable":true,"href":"https:\/\/www.moodbites.eu\/es\/wp-json\/wp\/v2\/comments?post=1303"}],"version-history":[{"count":1,"href":"https:\/\/www.moodbites.eu\/es\/wp-json\/wp\/v2\/pages\/1303\/revisions"}],"predecessor-version":[{"id":1305,"href":"https:\/\/www.moodbites.eu\/es\/wp-json\/wp\/v2\/pages\/1303\/revisions\/1305"}],"wp:featuredmedia":[{"embeddable":true,"href":"https:\/\/www.moodbites.eu\/es\/wp-json\/wp\/v2\/media\/1304"}],"wp:attachment":[{"href":"https:\/\/www.moodbites.eu\/es\/wp-json\/wp\/v2\/media?parent=1303"}],"curies":[{"name":"wp","href":"https:\/\/api.w.org\/{rel}","templated":true}]}}