{"id":2064,"date":"2025-07-02T13:15:45","date_gmt":"2025-07-02T11:15:45","guid":{"rendered":"https:\/\/www.moodbites.eu\/teisinis-pranesimas\/"},"modified":"2025-12-10T10:57:25","modified_gmt":"2025-12-10T09:57:25","slug":"teisinis-pranesimas","status":"publish","type":"page","link":"https:\/\/www.moodbites.eu\/lt\/teisinis-pranesimas\/","title":{"rendered":"Teisinis prane\u0161imas"},"content":{"rendered":"\n<div class=\"wp-block-uagb-container uagb-block-d85f7fa1 alignfull uagb-is-root-container\"><div class=\"uagb-container-inner-blocks-wrap\">\n<div style=\"height:150px\" aria-hidden=\"true\" class=\"wp-block-spacer\"><\/div>\n<\/div><\/div>\n<div class=\"yoast-breadcrumbs\"><span><span><a href=\"https:\/\/www.moodbites.eu\/lt\/\">Portada<\/a><\/span> \u00bb <span class=\"breadcrumb_last\" aria-current=\"page\">Teisinis prane\u0161imas<\/span><\/span><\/div>\n<hr class=\"wp-block-separator has-alpha-channel-opacity is-style-wide\"\/>\n\n<h1 class=\"wp-block-heading\">\u2696\ufe0f Teisinis prane\u0161imas \u2013 moodbites.eu<\/h1>\n\n<p>Vadovaujantis \u012estatymu 34\/2002 D\u0117l informacin\u0117s visuomen\u0117s paslaug\u0173 ir elektronin\u0117s komercijos (LSSI-CE), informuojame Jus:<\/p>\n\n<h2 class=\"wp-block-heading\">1. Nuosavyb\u0117<\/h2>\n\n<p>\u0160i svetain\u0117 priklauso ir yra pri\u017ei\u016brima:<\/p>\n\n<p>Fundaci\u00f3n INTRAS<br\/>Registruotas adresas: C\/ Mart\u00edn Santos Romero, 1 \u2013 47016 Valladolid, Ispanija<br\/>CIF: G47345606<br\/>El. pa\u0161tas: <a>intras@intras.es<\/a><br\/>Interneto svetain\u0117: <a class=\"\" href=\"http:\/\/www.intras.es\">www.intras.es<\/a><br\/>http:\/\/www.intras.es<br\/><br\/><\/p>\n\n<hr class=\"wp-block-separator has-alpha-channel-opacity is-style-wide\"\/>\n\n<h2 class=\"wp-block-heading\">2. Tikslas<\/h2>\n\n<p>\u0160ioje svetain\u0117je pateikiama informacija apie MOODBites projekt\u0105 \u2013 Europos S\u0105jungos finansuojam\u0105 mokslini\u0173 tyrim\u0173 ir inovacij\u0173 iniciatyv\u0105. Jos tikslas \u2013 skatinti projekto suinteresuot\u0173j\u0173 \u0161ali\u0173 informuotum\u0105, \u017einias ir bendradarbiavim\u0105. <\/p>\n\n<hr class=\"wp-block-separator has-alpha-channel-opacity is-style-wide\"\/>\n\n<h2 class=\"wp-block-heading\">3. Intelektin\u0117 nuosavyb\u0117<\/h2>\n\n<p>Visas svetain\u0117s turinys (tekstai, vaizdai, vaizdo \u012fra\u0161ai, logotipai, dokumentai) yra saugomas intelektin\u0117s nuosavyb\u0117s teisi\u0173. Jo kopijavimas, platinimas ar keitimas be ai\u0161kaus leidimo yra draud\u017eiamas, jei nenurodyta kitaip. <\/p>\n\n<p>Kai kurie turiniai gali b\u016bti skelbiami pagal atviras licencijas (pvz., Creative Commons), tokiu atveju tai bus ai\u0161kiai nurodyta.<\/p>\n\n<p class=\"has-medium-font-size\"><strong>\ud83d\udcf8 Autoryst\u0117 ir teis\u0117s \u012f vizualinius i\u0161teklius<\/strong><\/p>\n\n<p>\u0160ioje svetain\u0117je gali b\u016bti pateikiami grafiniai i\u0161tekliai, iliustracijos, nuotraukos ar vaizdo \u012fra\u0161ai, gauti i\u0161 i\u0161orini\u0173 platform\u0173 pagal licencijas, leid\u017eian\u010dias juos naudoti komerciniais tikslais:<\/p>\n\n<ul class=\"wp-block-list\">\n<li>Vaizdai: Kai kurie vaizdai yra paimti i\u0161 <a>Pexels<\/a> pagal nemokam\u0105 licencij\u0105, leid\u017eian\u010di\u0105 juos naudoti be privalomojo nuorodos nurodymo. Nepaisant to, autori\u0173 teis\u0117s yra pripa\u017e\u012fstamos ir vertinamos pagal platformos naudojimo s\u0105lygas. <\/li>\n\n\n\n<li>Ilustracijos ir grafiniai elementai: Tam tikri vizualiniai elementai yra paimti i\u0161 <a>Freepik<\/a>. Jie naudojami laikantis Freepik licencijos s\u0105lyg\u0173. Kai reikalaujama nurodyti autori\u0173, pateikiama tokia nuoroda:  <br\/>\u201eArte del canal de youtube de recetas planas org\u00e1nicas\/Ilustracija sukurta @pikisuperstar Freepik.com\u201c.<\/li>\n\n\n\n<li>Vaizdo \u012fra\u0161ai ir dizaino \u0161ablonai: Kai kurios vaizdin\u0117s med\u017eiagos buvo sukurtos naudojant \u201e<a>Canva<\/a>\u201c platform\u0105, kurioje naudojami elementai, kuriems taikoma jos turinio licencija (nemokama arba \u201ePro\u201c, jei taikoma).<\/li>\n<\/ul>\n\n<p>\u0160ios svetain\u0117s savininkas nepretenduoja \u012f \u0161i\u0173 i\u0161orini\u0173 i\u0161tekli\u0173 autoryst\u0119 ir visi\u0161kai gerbia j\u0173 autori\u0173 moralines ir ekonomines teises, taip pat kiekvienos platformos nustatytas naudojimo s\u0105lygas.<\/p>\n\n<hr class=\"wp-block-separator has-alpha-channel-opacity is-style-wide\"\/>\n\n<h2 class=\"wp-block-heading\">4. Limitation of Liability<\/h2>\n\n<p>Svetain\u0117s savininkas neatsako u\u017e:<\/p>\n\n<ul class=\"wp-block-list\">\n<li>Netinkam\u0105 ar neteis\u0117t\u0105 informacijos naudojim\u0105<\/li>\n\n\n\n<li>Paslaug\u0173 neteikim\u0105 ar klaidas, kuri\u0173 negalime kontroliuoti<\/li>\n\n\n\n<li>Turin\u012f, susiet\u0105 i\u0161or\u0117je per tre\u010di\u0173j\u0173 \u0161ali\u0173 svetaines<\/li>\n<\/ul>\n\n<hr class=\"wp-block-separator has-alpha-channel-opacity is-style-wide\"\/>\n\n<h2 class=\"wp-block-heading\">5. I\u0161orin\u0117s nuorodos<\/h2>\n\n<p>I\u0161orin\u0117s nuorodos gali nukreipti jus \u012f kitas svetaines, kuri\u0173 nevaldo Fundaci\u00f3n INTRAS. Mes nekontroliuojame j\u0173 turinio ir privatumo praktikos. <\/p>\n\n<hr class=\"wp-block-separator has-alpha-channel-opacity is-style-wide\"\/>\n\n<h2 class=\"wp-block-heading\">6. Taikytina teis\u0117 ir jurisdikcija<\/h2>\n\n<p>\u0160ios teisin\u0117s s\u0105lygos reglamentuojamos Ispanijos teis\u0117s aktais. Bet koks gin\u010das, susij\u0119s su \u0161ia svetaine, turi b\u016bti sprend\u017eiamas Valladolid (Ispanija) teismuose. <\/p>\n\n<p><\/p>\n","protected":false},"excerpt":{"rendered":"<p>\u2696\ufe0f Teisinis prane\u0161imas \u2013 moodbites.eu Vadovaujantis \u012estatymu 34\/2002 D\u0117l informacin\u0117s visuomen\u0117s paslaug\u0173 ir elektronin\u0117s komercijos (LSSI-CE), informuojame Jus: 1. Nuosavyb\u0117 [&hellip;]<\/p>\n","protected":false},"author":1,"featured_media":0,"parent":0,"menu_order":0,"comment_status":"closed","ping_status":"closed","template":"","meta":{"_coblocks_attr":"","_coblocks_dimensions":"","_coblocks_responsive_height":"","_coblocks_accordion_ie_support":"","_uag_custom_page_level_css":"","_uf_show_specific_survey":0,"_uf_disable_surveys":false,"site-sidebar-layout":"default","site-content-layout":"","ast-site-content-layout":"default","site-content-style":"default","site-sidebar-style":"default","ast-global-header-display":"","ast-banner-title-visibility":"","ast-main-header-display":"","ast-hfb-above-header-display":"","ast-hfb-below-header-display":"","ast-hfb-mobile-header-display":"","site-post-title":"disabled","ast-breadcrumbs-content":"","ast-featured-img":"","footer-sml-layout":"","theme-transparent-header-meta":"","adv-header-id-meta":"","stick-header-meta":"","header-above-stick-meta":"","header-main-stick-meta":"","header-below-stick-meta":"","astra-migrate-meta-layouts":"default","ast-page-background-enabled":"default","ast-page-background-meta":{"desktop":{"background-color":"var(--ast-global-color-5)","background-image":"","background-repeat":"repeat","background-position":"center center","background-size":"auto","background-attachment":"scroll","background-type":"","background-media":"","overlay-type":"","overlay-color":"","overlay-opacity":"","overlay-gradient":""},"tablet":{"background-color":"","background-image":"","background-repeat":"repeat","background-position":"center center","background-size":"auto","background-attachment":"scroll","background-type":"","background-media":"","overlay-type":"","overlay-color":"","overlay-opacity":"","overlay-gradient":""},"mobile":{"background-color":"","background-image":"","background-repeat":"repeat","background-position":"center center","background-size":"auto","background-attachment":"scroll","background-type":"","background-media":"","overlay-type":"","overlay-color":"","overlay-opacity":"","overlay-gradient":""}},"ast-content-background-meta":{"desktop":{"background-color":"var(--ast-global-color-4)","background-image":"","background-repeat":"repeat","background-position":"center center","background-size":"auto","background-attachment":"scroll","background-type":"","background-media":"","overlay-type":"","overlay-color":"","overlay-opacity":"","overlay-gradient":""},"tablet":{"background-color":"var(--ast-global-color-4)","background-image":"","background-repeat":"repeat","background-position":"center center","background-size":"auto","background-attachment":"scroll","background-type":"","background-media":"","overlay-type":"","overlay-color":"","overlay-opacity":"","overlay-gradient":""},"mobile":{"background-color":"var(--ast-global-color-4)","background-image":"","background-repeat":"repeat","background-position":"center center","background-size":"auto","background-attachment":"scroll","background-type":"","background-media":"","overlay-type":"","overlay-color":"","overlay-opacity":"","overlay-gradient":""}},"footnotes":""},"class_list":["post-2064","page","type-page","status-publish","hentry"],"aioseo_notices":[],"yoast_head":"<!-- This site is optimized with the Yoast SEO plugin v27.3 - https:\/\/yoast.com\/product\/yoast-seo-wordpress\/ -->\n<title>Teisinis prane\u0161imas -<\/title>\n<meta name=\"robots\" content=\"index, follow, max-snippet:-1, max-image-preview:large, max-video-preview:-1\" \/>\n<link rel=\"canonical\" href=\"https:\/\/www.moodbites.eu\/lt\/teisinis-pranesimas\/\" \/>\n<meta property=\"og:locale\" content=\"lt_LT\" \/>\n<meta property=\"og:type\" content=\"article\" \/>\n<meta property=\"og:title\" content=\"Teisinis prane\u0161imas -\" \/>\n<meta property=\"og:description\" content=\"\u2696\ufe0f Teisinis prane\u0161imas \u2013 moodbites.eu Vadovaujantis \u012estatymu 34\/2002 D\u0117l informacin\u0117s visuomen\u0117s paslaug\u0173 ir elektronin\u0117s komercijos (LSSI-CE), informuojame Jus: 1. Nuosavyb\u0117 [&hellip;]\" \/>\n<meta property=\"og:url\" content=\"https:\/\/www.moodbites.eu\/lt\/teisinis-pranesimas\/\" \/>\n<meta property=\"article:modified_time\" content=\"2025-12-10T09:57:25+00:00\" \/>\n<meta name=\"twitter:card\" content=\"summary_large_image\" \/>\n<meta name=\"twitter:label1\" content=\"Est. reading time\" \/>\n\t<meta name=\"twitter:data1\" content=\"2 minut\u0117s\" \/>\n<script type=\"application\/ld+json\" class=\"yoast-schema-graph\">{\"@context\":\"https:\\\/\\\/schema.org\",\"@graph\":[{\"@type\":\"WebPage\",\"@id\":\"https:\\\/\\\/www.moodbites.eu\\\/lt\\\/teisinis-pranesimas\\\/\",\"url\":\"https:\\\/\\\/www.moodbites.eu\\\/lt\\\/teisinis-pranesimas\\\/\",\"name\":\"Teisinis prane\u0161imas -\",\"isPartOf\":{\"@id\":\"https:\\\/\\\/www.moodbites.eu\\\/lt\\\/#website\"},\"datePublished\":\"2025-07-02T11:15:45+00:00\",\"dateModified\":\"2025-12-10T09:57:25+00:00\",\"breadcrumb\":{\"@id\":\"https:\\\/\\\/www.moodbites.eu\\\/lt\\\/teisinis-pranesimas\\\/#breadcrumb\"},\"inLanguage\":\"lt-LT\",\"potentialAction\":[{\"@type\":\"ReadAction\",\"target\":[\"https:\\\/\\\/www.moodbites.eu\\\/lt\\\/teisinis-pranesimas\\\/\"]}]},{\"@type\":\"BreadcrumbList\",\"@id\":\"https:\\\/\\\/www.moodbites.eu\\\/lt\\\/teisinis-pranesimas\\\/#breadcrumb\",\"itemListElement\":[{\"@type\":\"ListItem\",\"position\":1,\"name\":\"Portada\",\"item\":\"https:\\\/\\\/www.moodbites.eu\\\/lt\\\/\"},{\"@type\":\"ListItem\",\"position\":2,\"name\":\"Teisinis prane\u0161imas\"}]},{\"@type\":\"WebSite\",\"@id\":\"https:\\\/\\\/www.moodbites.eu\\\/lt\\\/#website\",\"url\":\"https:\\\/\\\/www.moodbites.eu\\\/lt\\\/\",\"name\":\"Moodbites\",\"description\":\"Tailored training program that helps mental health professionals use nutrition to support the well-being of people with mental disorders.\",\"publisher\":{\"@id\":\"https:\\\/\\\/www.moodbites.eu\\\/lt\\\/#organization\"},\"potentialAction\":[{\"@type\":\"SearchAction\",\"target\":{\"@type\":\"EntryPoint\",\"urlTemplate\":\"https:\\\/\\\/www.moodbites.eu\\\/lt\\\/?s={search_term_string}\"},\"query-input\":{\"@type\":\"PropertyValueSpecification\",\"valueRequired\":true,\"valueName\":\"search_term_string\"}}],\"inLanguage\":\"lt-LT\"},{\"@type\":\"Organization\",\"@id\":\"https:\\\/\\\/www.moodbites.eu\\\/lt\\\/#organization\",\"name\":\"Moodbites\",\"url\":\"https:\\\/\\\/www.moodbites.eu\\\/lt\\\/\",\"logo\":{\"@type\":\"ImageObject\",\"inLanguage\":\"lt-LT\",\"@id\":\"https:\\\/\\\/www.moodbites.eu\\\/lt\\\/#\\\/schema\\\/logo\\\/image\\\/\",\"url\":\"https:\\\/\\\/www.moodbites.eu\\\/wp-content\\\/uploads\\\/2025\\\/05\\\/logo.png\",\"contentUrl\":\"https:\\\/\\\/www.moodbites.eu\\\/wp-content\\\/uploads\\\/2025\\\/05\\\/logo.png\",\"width\":160,\"height\":68,\"caption\":\"Moodbites\"},\"image\":{\"@id\":\"https:\\\/\\\/www.moodbites.eu\\\/lt\\\/#\\\/schema\\\/logo\\\/image\\\/\"}}]}<\/script>\n<!-- \/ Yoast SEO plugin. -->","yoast_head_json":{"title":"Teisinis prane\u0161imas -","robots":{"index":"index","follow":"follow","max-snippet":"max-snippet:-1","max-image-preview":"max-image-preview:large","max-video-preview":"max-video-preview:-1"},"canonical":"https:\/\/www.moodbites.eu\/lt\/teisinis-pranesimas\/","og_locale":"lt_LT","og_type":"article","og_title":"Teisinis prane\u0161imas -","og_description":"\u2696\ufe0f Teisinis prane\u0161imas \u2013 moodbites.eu Vadovaujantis \u012estatymu 34\/2002 D\u0117l informacin\u0117s visuomen\u0117s paslaug\u0173 ir elektronin\u0117s komercijos (LSSI-CE), informuojame Jus: 1. Nuosavyb\u0117 [&hellip;]","og_url":"https:\/\/www.moodbites.eu\/lt\/teisinis-pranesimas\/","article_modified_time":"2025-12-10T09:57:25+00:00","twitter_card":"summary_large_image","twitter_misc":{"Est. reading time":"2 minut\u0117s"},"schema":{"@context":"https:\/\/schema.org","@graph":[{"@type":"WebPage","@id":"https:\/\/www.moodbites.eu\/lt\/teisinis-pranesimas\/","url":"https:\/\/www.moodbites.eu\/lt\/teisinis-pranesimas\/","name":"Teisinis prane\u0161imas -","isPartOf":{"@id":"https:\/\/www.moodbites.eu\/lt\/#website"},"datePublished":"2025-07-02T11:15:45+00:00","dateModified":"2025-12-10T09:57:25+00:00","breadcrumb":{"@id":"https:\/\/www.moodbites.eu\/lt\/teisinis-pranesimas\/#breadcrumb"},"inLanguage":"lt-LT","potentialAction":[{"@type":"ReadAction","target":["https:\/\/www.moodbites.eu\/lt\/teisinis-pranesimas\/"]}]},{"@type":"BreadcrumbList","@id":"https:\/\/www.moodbites.eu\/lt\/teisinis-pranesimas\/#breadcrumb","itemListElement":[{"@type":"ListItem","position":1,"name":"Portada","item":"https:\/\/www.moodbites.eu\/lt\/"},{"@type":"ListItem","position":2,"name":"Teisinis prane\u0161imas"}]},{"@type":"WebSite","@id":"https:\/\/www.moodbites.eu\/lt\/#website","url":"https:\/\/www.moodbites.eu\/lt\/","name":"Moodbites","description":"Tailored training program that helps mental health professionals use nutrition to support the well-being of people with mental disorders.","publisher":{"@id":"https:\/\/www.moodbites.eu\/lt\/#organization"},"potentialAction":[{"@type":"SearchAction","target":{"@type":"EntryPoint","urlTemplate":"https:\/\/www.moodbites.eu\/lt\/?s={search_term_string}"},"query-input":{"@type":"PropertyValueSpecification","valueRequired":true,"valueName":"search_term_string"}}],"inLanguage":"lt-LT"},{"@type":"Organization","@id":"https:\/\/www.moodbites.eu\/lt\/#organization","name":"Moodbites","url":"https:\/\/www.moodbites.eu\/lt\/","logo":{"@type":"ImageObject","inLanguage":"lt-LT","@id":"https:\/\/www.moodbites.eu\/lt\/#\/schema\/logo\/image\/","url":"https:\/\/www.moodbites.eu\/wp-content\/uploads\/2025\/05\/logo.png","contentUrl":"https:\/\/www.moodbites.eu\/wp-content\/uploads\/2025\/05\/logo.png","width":160,"height":68,"caption":"Moodbites"},"image":{"@id":"https:\/\/www.moodbites.eu\/lt\/#\/schema\/logo\/image\/"}}]}},"uagb_featured_image_src":{"full":false,"thumbnail":false,"medium":false,"medium_large":false,"large":false,"course_archive_thumbnail":false,"course_single_thumbnail":false,"lesson_archive_thumbnail":false,"lesson_single_thumbnail":false,"1536x1536":false,"2048x2048":false},"uagb_author_info":{"display_name":"juliacunyADMIN","author_link":"https:\/\/www.moodbites.eu\/lt\/author\/juliacunyadmin\/"},"uagb_comment_info":0,"uagb_excerpt":"\u2696\ufe0f Teisinis prane\u0161imas \u2013 moodbites.eu Vadovaujantis \u012estatymu 34\/2002 D\u0117l informacin\u0117s visuomen\u0117s paslaug\u0173 ir elektronin\u0117s komercijos (LSSI-CE), informuojame Jus: 1. Nuosavyb\u0117 [&hellip;]","_links":{"self":[{"href":"https:\/\/www.moodbites.eu\/lt\/wp-json\/wp\/v2\/pages\/2064","targetHints":{"allow":["GET"]}}],"collection":[{"href":"https:\/\/www.moodbites.eu\/lt\/wp-json\/wp\/v2\/pages"}],"about":[{"href":"https:\/\/www.moodbites.eu\/lt\/wp-json\/wp\/v2\/types\/page"}],"author":[{"embeddable":true,"href":"https:\/\/www.moodbites.eu\/lt\/wp-json\/wp\/v2\/users\/1"}],"replies":[{"embeddable":true,"href":"https:\/\/www.moodbites.eu\/lt\/wp-json\/wp\/v2\/comments?post=2064"}],"version-history":[{"count":1,"href":"https:\/\/www.moodbites.eu\/lt\/wp-json\/wp\/v2\/pages\/2064\/revisions"}],"predecessor-version":[{"id":2065,"href":"https:\/\/www.moodbites.eu\/lt\/wp-json\/wp\/v2\/pages\/2064\/revisions\/2065"}],"wp:attachment":[{"href":"https:\/\/www.moodbites.eu\/lt\/wp-json\/wp\/v2\/media?parent=2064"}],"curies":[{"name":"wp","href":"https:\/\/api.w.org\/{rel}","templated":true}]}}