{"id":1331,"date":"2025-07-02T13:15:45","date_gmt":"2025-07-02T11:15:45","guid":{"rendered":"https:\/\/www.moodbites.eu\/informacja-prawna\/"},"modified":"2025-12-06T18:44:15","modified_gmt":"2025-12-06T17:44:15","slug":"informacja-prawna","status":"publish","type":"page","link":"https:\/\/www.moodbites.eu\/pl\/informacja-prawna\/","title":{"rendered":"Informacja prawna"},"content":{"rendered":"\n<div class=\"wp-block-uagb-container uagb-block-d85f7fa1 alignfull uagb-is-root-container\"><div class=\"uagb-container-inner-blocks-wrap\">\n<div style=\"height:150px\" aria-hidden=\"true\" class=\"wp-block-spacer\"><\/div>\n<\/div><\/div>\n<div class=\"yoast-breadcrumbs\"><span><span><a href=\"https:\/\/www.moodbites.eu\/pl\/\">Portada<\/a><\/span> \u00bb <span class=\"breadcrumb_last\" aria-current=\"page\">Informacja prawna<\/span><\/span><\/div>\n<hr class=\"wp-block-separator has-alpha-channel-opacity is-style-wide\"\/>\n\n<h1 class=\"wp-block-heading\">\u2696\ufe0f Informacja prawna \u2013 moodbites.eu<\/h1>\n\n<p>Zgodnie z Ustaw\u0105 34\/2002 o us\u0142ugach spo\u0142ecze\u0144stwa informacyjnego i handlu elektronicznym (LSSI-CE) informujemy, \u017ce:<\/p>\n\n<h2 class=\"wp-block-heading\">1. W\u0142asno\u015b\u0107<\/h2>\n\n<p>W\u0142a\u015bcicielem tej witryny internetowej jest firma:<\/p>\n\n<p><strong>Fundacja INTRAS<\/strong><br\/>Zarejestrowany adres: C\/ Mart\u00edn Santos Romero, 1 \u2013 47016 Valladolid, Hiszpania<br\/>CIF: G47345606<br\/>E-mail: <a>intras@intras.es<\/a><br\/>Strona internetowa: <a class=\"\" href=\"http:\/\/www.intras.es\">www.intras.es<\/a><\/p>\n\n<hr class=\"wp-block-separator has-alpha-channel-opacity is-style-wide\"\/>\n\n<h2 class=\"wp-block-heading\">2. Cel<\/h2>\n\n<p>Ta strona internetowa zawiera informacje o projekcie MOODBites, inicjatywie badawczo-innowacyjnej finansowanej przez Uni\u0119 Europejsk\u0105. Jej celem jest promowanie \u015bwiadomo\u015bci, wiedzy i wsp\u00f3\u0142pracy mi\u0119dzy interesariuszami projektu. <\/p>\n\n<hr class=\"wp-block-separator has-alpha-channel-opacity is-style-wide\"\/>\n\n<h2 class=\"wp-block-heading\">3. W\u0142asno\u015b\u0107 intelektualna<\/h2>\n\n<p>Ca\u0142a zawarto\u015b\u0107 strony internetowej (teksty, obrazy, filmy, logo, dokumenty) jest chroniona prawami w\u0142asno\u015bci intelektualnej. Jej powielanie, dystrybucja lub modyfikacja bez wyra\u017anej zgody s\u0105 zabronione, o ile nie zaznaczono inaczej. <\/p>\n\n<p>Niekt\u00f3re tre\u015bci mog\u0105 by\u0107 publikowane na podstawie otwartych licencji (np. Creative Commons). W takim przypadku zostanie to wyra\u017anie wskazane.<\/p>\n\n<p class=\"has-medium-font-size\"><strong>\ud83d\udcf8 Prawa autorskie i prawa do zasob\u00f3w wizualnych<\/strong><\/p>\n\n<p>Niniejsza strona internetowa mo\u017ce zawiera\u0107 zasoby graficzne, ilustracje, fotografie lub materia\u0142y wideo pochodz\u0105ce z platform zewn\u0119trznych na podstawie licencji zezwalaj\u0105cych na ich komercyjne wykorzystanie:<\/p>\n\n<ul class=\"wp-block-list\">\n<li><strong>Zdj\u0119cia<\/strong>: Niekt\u00f3re zdj\u0119cia pochodz\u0105 z serwisu <a>Pexels<\/a> na podstawie bezp\u0142atnej licencji, kt\u00f3ra zezwala na ich wykorzystanie bez obowi\u0105zku podawania \u017ar\u00f3d\u0142a. Niemniej jednak autorstwo tw\u00f3rc\u00f3w jest uznawane i doceniane zgodnie z warunkami korzystania z platformy. <\/li>\n\n\n\n<li><strong>Ilustracje i elementy graficzne<\/strong>: Niekt\u00f3re elementy wizualne pochodz\u0105 z <a>Freepik<\/a>. S\u0105 one wykorzystywane zgodnie z warunkami licencji Freepik. W przypadku konieczno\u015bci podania \u017ar\u00f3d\u0142a, podajemy nast\u0119puj\u0105ce informacje:  <br\/>\u201e\u201eGrafika z kana\u0142u YouTube z przepisami na dania wega\u0144skie\/Ilustracja stworzona przez @pikisuperstar na Freepik.com\u201d.<\/li>\n\n\n\n<li><strong>Filmy i szablony projekt\u00f3w<\/strong>: Niekt\u00f3re materia\u0142y wizualne zosta\u0142y stworzone przy u\u017cyciu platformy <a>Canva<\/a> i wykorzystuj\u0105 elementy obj\u0119te Licencj\u0105 tre\u015bci (bezp\u0142atn\u0105 lub Pro, w zale\u017cno\u015bci od przypadku).<\/li>\n<\/ul>\n\n<p>W\u0142a\u015bciciel tej witryny nie ro\u015bci sobie praw autorskich do tych zasob\u00f3w zewn\u0119trznych i w pe\u0142ni szanuje prawa moralne i maj\u0105tkowe ich autor\u00f3w, a tak\u017ce warunki korzystania okre\u015blone przez ka\u017cd\u0105 platform\u0119.<\/p>\n\n<hr class=\"wp-block-separator has-alpha-channel-opacity is-style-wide\"\/>\n\n<h2 class=\"wp-block-heading\">4. Ograniczenie odpowiedzialno\u015bci<\/h2>\n\n<p>W\u0142a\u015bciciel witryny nie ponosi odpowiedzialno\u015bci za:<\/p>\n\n<ul class=\"wp-block-list\">\n<li>Niew\u0142a\u015bciwe lub niezgodne z prawem wykorzystanie zawartych informacji<\/li>\n\n\n\n<li>Przerwy w \u015bwiadczeniu us\u0142ug lub b\u0142\u0119dy niezale\u017cne od nas<\/li>\n\n\n\n<li>Tre\u015bci linkowane zewn\u0119trznie za po\u015brednictwem witryn internetowych os\u00f3b trzecich<\/li>\n<\/ul>\n\n<hr class=\"wp-block-separator has-alpha-channel-opacity is-style-wide\"\/>\n\n<h2 class=\"wp-block-heading\">5. Linki zewn\u0119trzne<\/h2>\n\n<p>Linki zewn\u0119trzne mog\u0105 kierowa\u0107 do innych stron internetowych, kt\u00f3re nie s\u0105 obs\u0142ugiwane przez Fundaci\u00f3n INTRAS. Nie mamy kontroli nad ich tre\u015bci\u0105 ani polityk\u0105 prywatno\u015bci. <\/p>\n\n<hr class=\"wp-block-separator has-alpha-channel-opacity is-style-wide\"\/>\n\n<h2 class=\"wp-block-heading\">6. Prawo w\u0142a\u015bciwe i jurysdykcja<\/h2>\n\n<p>Niniejsze warunki prawne podlegaj\u0105 prawu hiszpa\u0144skiemu. Wszelkie spory zwi\u0105zane z niniejsz\u0105 witryn\u0105 internetow\u0105 b\u0119d\u0105 rozstrzygane przez s\u0105dy w <strong>Valladolid w Hiszpanii<\/strong>. <\/p>\n\n<p><\/p>\n","protected":false},"excerpt":{"rendered":"<p>\u2696\ufe0f Informacja prawna \u2013 moodbites.eu Zgodnie z Ustaw\u0105 34\/2002 o us\u0142ugach spo\u0142ecze\u0144stwa informacyjnego i handlu elektronicznym (LSSI-CE) informujemy, \u017ce: 1. [&hellip;]<\/p>\n","protected":false},"author":1,"featured_media":0,"parent":0,"menu_order":0,"comment_status":"closed","ping_status":"closed","template":"","meta":{"_coblocks_attr":"","_coblocks_dimensions":"","_coblocks_responsive_height":"","_coblocks_accordion_ie_support":"","_uag_custom_page_level_css":"","_uf_show_specific_survey":0,"_uf_disable_surveys":false,"site-sidebar-layout":"default","site-content-layout":"","ast-site-content-layout":"default","site-content-style":"default","site-sidebar-style":"default","ast-global-header-display":"","ast-banner-title-visibility":"","ast-main-header-display":"","ast-hfb-above-header-display":"","ast-hfb-below-header-display":"","ast-hfb-mobile-header-display":"","site-post-title":"disabled","ast-breadcrumbs-content":"","ast-featured-img":"","footer-sml-layout":"","theme-transparent-header-meta":"","adv-header-id-meta":"","stick-header-meta":"","header-above-stick-meta":"","header-main-stick-meta":"","header-below-stick-meta":"","astra-migrate-meta-layouts":"default","ast-page-background-enabled":"default","ast-page-background-meta":{"desktop":{"background-color":"var(--ast-global-color-5)","background-image":"","background-repeat":"repeat","background-position":"center center","background-size":"auto","background-attachment":"scroll","background-type":"","background-media":"","overlay-type":"","overlay-color":"","overlay-opacity":"","overlay-gradient":""},"tablet":{"background-color":"","background-image":"","background-repeat":"repeat","background-position":"center center","background-size":"auto","background-attachment":"scroll","background-type":"","background-media":"","overlay-type":"","overlay-color":"","overlay-opacity":"","overlay-gradient":""},"mobile":{"background-color":"","background-image":"","background-repeat":"repeat","background-position":"center center","background-size":"auto","background-attachment":"scroll","background-type":"","background-media":"","overlay-type":"","overlay-color":"","overlay-opacity":"","overlay-gradient":""}},"ast-content-background-meta":{"desktop":{"background-color":"var(--ast-global-color-4)","background-image":"","background-repeat":"repeat","background-position":"center center","background-size":"auto","background-attachment":"scroll","background-type":"","background-media":"","overlay-type":"","overlay-color":"","overlay-opacity":"","overlay-gradient":""},"tablet":{"background-color":"var(--ast-global-color-4)","background-image":"","background-repeat":"repeat","background-position":"center center","background-size":"auto","background-attachment":"scroll","background-type":"","background-media":"","overlay-type":"","overlay-color":"","overlay-opacity":"","overlay-gradient":""},"mobile":{"background-color":"var(--ast-global-color-4)","background-image":"","background-repeat":"repeat","background-position":"center center","background-size":"auto","background-attachment":"scroll","background-type":"","background-media":"","overlay-type":"","overlay-color":"","overlay-opacity":"","overlay-gradient":""}},"footnotes":""},"class_list":["post-1331","page","type-page","status-publish","hentry"],"aioseo_notices":[],"yoast_head":"<!-- This site is optimized with the Yoast SEO plugin v27.3 - https:\/\/yoast.com\/product\/yoast-seo-wordpress\/ -->\n<title>Informacja prawna -<\/title>\n<meta name=\"robots\" content=\"index, follow, max-snippet:-1, max-image-preview:large, max-video-preview:-1\" \/>\n<link rel=\"canonical\" href=\"https:\/\/www.moodbites.eu\/pl\/informacja-prawna\/\" \/>\n<meta property=\"og:locale\" content=\"pl_PL\" \/>\n<meta property=\"og:type\" content=\"article\" \/>\n<meta property=\"og:title\" content=\"Informacja prawna -\" \/>\n<meta property=\"og:description\" content=\"\u2696\ufe0f Informacja prawna \u2013 moodbites.eu Zgodnie z Ustaw\u0105 34\/2002 o us\u0142ugach spo\u0142ecze\u0144stwa informacyjnego i handlu elektronicznym (LSSI-CE) informujemy, \u017ce: 1. [&hellip;]\" \/>\n<meta property=\"og:url\" content=\"https:\/\/www.moodbites.eu\/pl\/informacja-prawna\/\" \/>\n<meta property=\"article:modified_time\" content=\"2025-12-06T17:44:15+00:00\" \/>\n<meta name=\"twitter:card\" content=\"summary_large_image\" \/>\n<meta name=\"twitter:label1\" content=\"Szacowany czas czytania\" \/>\n\t<meta name=\"twitter:data1\" content=\"2 minuty\" \/>\n<script type=\"application\/ld+json\" class=\"yoast-schema-graph\">{\"@context\":\"https:\\\/\\\/schema.org\",\"@graph\":[{\"@type\":\"WebPage\",\"@id\":\"https:\\\/\\\/www.moodbites.eu\\\/pl\\\/informacja-prawna\\\/\",\"url\":\"https:\\\/\\\/www.moodbites.eu\\\/pl\\\/informacja-prawna\\\/\",\"name\":\"Informacja prawna -\",\"isPartOf\":{\"@id\":\"https:\\\/\\\/www.moodbites.eu\\\/pl\\\/#website\"},\"datePublished\":\"2025-07-02T11:15:45+00:00\",\"dateModified\":\"2025-12-06T17:44:15+00:00\",\"breadcrumb\":{\"@id\":\"https:\\\/\\\/www.moodbites.eu\\\/pl\\\/informacja-prawna\\\/#breadcrumb\"},\"inLanguage\":\"pl-PL\",\"potentialAction\":[{\"@type\":\"ReadAction\",\"target\":[\"https:\\\/\\\/www.moodbites.eu\\\/pl\\\/informacja-prawna\\\/\"]}]},{\"@type\":\"BreadcrumbList\",\"@id\":\"https:\\\/\\\/www.moodbites.eu\\\/pl\\\/informacja-prawna\\\/#breadcrumb\",\"itemListElement\":[{\"@type\":\"ListItem\",\"position\":1,\"name\":\"Portada\",\"item\":\"https:\\\/\\\/www.moodbites.eu\\\/pl\\\/\"},{\"@type\":\"ListItem\",\"position\":2,\"name\":\"Informacja prawna\"}]},{\"@type\":\"WebSite\",\"@id\":\"https:\\\/\\\/www.moodbites.eu\\\/pl\\\/#website\",\"url\":\"https:\\\/\\\/www.moodbites.eu\\\/pl\\\/\",\"name\":\"Moodbites\",\"description\":\"Tailored training program that helps mental health professionals use nutrition to support the well-being of people with mental disorders.\",\"publisher\":{\"@id\":\"https:\\\/\\\/www.moodbites.eu\\\/pl\\\/#organization\"},\"potentialAction\":[{\"@type\":\"SearchAction\",\"target\":{\"@type\":\"EntryPoint\",\"urlTemplate\":\"https:\\\/\\\/www.moodbites.eu\\\/pl\\\/?s={search_term_string}\"},\"query-input\":{\"@type\":\"PropertyValueSpecification\",\"valueRequired\":true,\"valueName\":\"search_term_string\"}}],\"inLanguage\":\"pl-PL\"},{\"@type\":\"Organization\",\"@id\":\"https:\\\/\\\/www.moodbites.eu\\\/pl\\\/#organization\",\"name\":\"Moodbites\",\"url\":\"https:\\\/\\\/www.moodbites.eu\\\/pl\\\/\",\"logo\":{\"@type\":\"ImageObject\",\"inLanguage\":\"pl-PL\",\"@id\":\"https:\\\/\\\/www.moodbites.eu\\\/pl\\\/#\\\/schema\\\/logo\\\/image\\\/\",\"url\":\"https:\\\/\\\/www.moodbites.eu\\\/wp-content\\\/uploads\\\/2025\\\/05\\\/logo.png\",\"contentUrl\":\"https:\\\/\\\/www.moodbites.eu\\\/wp-content\\\/uploads\\\/2025\\\/05\\\/logo.png\",\"width\":160,\"height\":68,\"caption\":\"Moodbites\"},\"image\":{\"@id\":\"https:\\\/\\\/www.moodbites.eu\\\/pl\\\/#\\\/schema\\\/logo\\\/image\\\/\"}}]}<\/script>\n<!-- \/ Yoast SEO plugin. -->","yoast_head_json":{"title":"Informacja prawna -","robots":{"index":"index","follow":"follow","max-snippet":"max-snippet:-1","max-image-preview":"max-image-preview:large","max-video-preview":"max-video-preview:-1"},"canonical":"https:\/\/www.moodbites.eu\/pl\/informacja-prawna\/","og_locale":"pl_PL","og_type":"article","og_title":"Informacja prawna -","og_description":"\u2696\ufe0f Informacja prawna \u2013 moodbites.eu Zgodnie z Ustaw\u0105 34\/2002 o us\u0142ugach spo\u0142ecze\u0144stwa informacyjnego i handlu elektronicznym (LSSI-CE) informujemy, \u017ce: 1. [&hellip;]","og_url":"https:\/\/www.moodbites.eu\/pl\/informacja-prawna\/","article_modified_time":"2025-12-06T17:44:15+00:00","twitter_card":"summary_large_image","twitter_misc":{"Szacowany czas czytania":"2 minuty"},"schema":{"@context":"https:\/\/schema.org","@graph":[{"@type":"WebPage","@id":"https:\/\/www.moodbites.eu\/pl\/informacja-prawna\/","url":"https:\/\/www.moodbites.eu\/pl\/informacja-prawna\/","name":"Informacja prawna -","isPartOf":{"@id":"https:\/\/www.moodbites.eu\/pl\/#website"},"datePublished":"2025-07-02T11:15:45+00:00","dateModified":"2025-12-06T17:44:15+00:00","breadcrumb":{"@id":"https:\/\/www.moodbites.eu\/pl\/informacja-prawna\/#breadcrumb"},"inLanguage":"pl-PL","potentialAction":[{"@type":"ReadAction","target":["https:\/\/www.moodbites.eu\/pl\/informacja-prawna\/"]}]},{"@type":"BreadcrumbList","@id":"https:\/\/www.moodbites.eu\/pl\/informacja-prawna\/#breadcrumb","itemListElement":[{"@type":"ListItem","position":1,"name":"Portada","item":"https:\/\/www.moodbites.eu\/pl\/"},{"@type":"ListItem","position":2,"name":"Informacja prawna"}]},{"@type":"WebSite","@id":"https:\/\/www.moodbites.eu\/pl\/#website","url":"https:\/\/www.moodbites.eu\/pl\/","name":"Moodbites","description":"Tailored training program that helps mental health professionals use nutrition to support the well-being of people with mental disorders.","publisher":{"@id":"https:\/\/www.moodbites.eu\/pl\/#organization"},"potentialAction":[{"@type":"SearchAction","target":{"@type":"EntryPoint","urlTemplate":"https:\/\/www.moodbites.eu\/pl\/?s={search_term_string}"},"query-input":{"@type":"PropertyValueSpecification","valueRequired":true,"valueName":"search_term_string"}}],"inLanguage":"pl-PL"},{"@type":"Organization","@id":"https:\/\/www.moodbites.eu\/pl\/#organization","name":"Moodbites","url":"https:\/\/www.moodbites.eu\/pl\/","logo":{"@type":"ImageObject","inLanguage":"pl-PL","@id":"https:\/\/www.moodbites.eu\/pl\/#\/schema\/logo\/image\/","url":"https:\/\/www.moodbites.eu\/wp-content\/uploads\/2025\/05\/logo.png","contentUrl":"https:\/\/www.moodbites.eu\/wp-content\/uploads\/2025\/05\/logo.png","width":160,"height":68,"caption":"Moodbites"},"image":{"@id":"https:\/\/www.moodbites.eu\/pl\/#\/schema\/logo\/image\/"}}]}},"uagb_featured_image_src":{"full":false,"thumbnail":false,"medium":false,"medium_large":false,"large":false,"course_archive_thumbnail":false,"course_single_thumbnail":false,"lesson_archive_thumbnail":false,"lesson_single_thumbnail":false,"1536x1536":false,"2048x2048":false},"uagb_author_info":{"display_name":"juliacunyADMIN","author_link":"https:\/\/www.moodbites.eu\/pl\/author\/juliacunyadmin\/"},"uagb_comment_info":0,"uagb_excerpt":"\u2696\ufe0f Informacja prawna \u2013 moodbites.eu Zgodnie z Ustaw\u0105 34\/2002 o us\u0142ugach spo\u0142ecze\u0144stwa informacyjnego i handlu elektronicznym (LSSI-CE) informujemy, \u017ce: 1. [&hellip;]","_links":{"self":[{"href":"https:\/\/www.moodbites.eu\/pl\/wp-json\/wp\/v2\/pages\/1331","targetHints":{"allow":["GET"]}}],"collection":[{"href":"https:\/\/www.moodbites.eu\/pl\/wp-json\/wp\/v2\/pages"}],"about":[{"href":"https:\/\/www.moodbites.eu\/pl\/wp-json\/wp\/v2\/types\/page"}],"author":[{"embeddable":true,"href":"https:\/\/www.moodbites.eu\/pl\/wp-json\/wp\/v2\/users\/1"}],"replies":[{"embeddable":true,"href":"https:\/\/www.moodbites.eu\/pl\/wp-json\/wp\/v2\/comments?post=1331"}],"version-history":[{"count":4,"href":"https:\/\/www.moodbites.eu\/pl\/wp-json\/wp\/v2\/pages\/1331\/revisions"}],"predecessor-version":[{"id":2046,"href":"https:\/\/www.moodbites.eu\/pl\/wp-json\/wp\/v2\/pages\/1331\/revisions\/2046"}],"wp:attachment":[{"href":"https:\/\/www.moodbites.eu\/pl\/wp-json\/wp\/v2\/media?parent=1331"}],"curies":[{"name":"wp","href":"https:\/\/api.w.org\/{rel}","templated":true}]}}