{"id":1389,"date":"2025-05-28T10:37:14","date_gmt":"2025-05-28T08:37:14","guid":{"rendered":"https:\/\/www.moodbites.eu\/moje-kursy\/"},"modified":"2025-11-18T16:56:26","modified_gmt":"2025-11-18T15:56:26","slug":"moje-kursy","status":"publish","type":"page","link":"https:\/\/www.moodbites.eu\/pl\/moje-kursy\/","title":{"rendered":"Moje kursy"},"content":{"rendered":"\n<div class=\"wp-block-query wp-block-sensei-lms-course-list wp-block-sensei-lms-course-list--is-list-view is-layout-flow wp-block-query-is-layout-flow\">\n<div class=\"wp-block-group is-layout-constrained wp-block-group-is-layout-constrained\" style=\"padding-top:var(--wp--preset--spacing--30);padding-bottom:0\"><\/div>\n\n\n<ul class=\"aligncenter wp-block-post-template is-layout-flow wp-block-post-template-is-layout-flow\"><li class=\"wp-block-post post-1171 course type-course status-publish hentry module-modul-1 module-modul-2 module-modul-3 module-modul-4 module-modul-5 post\">\n\n<div class=\"wp-block-group aligncenter has-border-color is-layout-flow wp-block-group-is-layout-flow\" style=\"border-color:#c7c3c34f;border-width:1px;padding-top:10px;padding-right:10px;padding-bottom:10px;padding-left:10px\">\n\n\n<div class=\"wp-block-columns is-layout-flex wp-container-core-columns-is-layout-28f84493 wp-block-columns-is-layout-flex\">\n<div class=\"wp-block-column is-layout-flow wp-block-column-is-layout-flow\" style=\"flex-basis:66.66%\"><div class=\"sensei-lms-course-list-featured-label__meta-wrapper\"><span class=\"sensei-lms-course-list-featured-label__text\">Wyr\u00f3\u017cnione<\/span><\/div>\n\n<h2 style=\"padding-top:0;padding-right:0;padding-bottom:0;padding-left:0;margin-top:0;margin-right:0;margin-bottom:0;margin-left:0;\" class=\"has-text-align-left wp-block-post-title\"><a href=\"https:\/\/www.moodbites.eu\/pl\/course\/szkolenie-moodbites\/\" target=\"_self\" >Moodbites<\/a><\/h2>\n\n<div class=\"has-text-align-left wp-block-post-author\"><div class=\"wp-block-post-author__avatar\"><img alt='' src='https:\/\/secure.gravatar.com\/avatar\/e795de9fef0c241212b1a2653459b763e7a4790623543507e389a9c026c6009e?s=48&#038;d=mm&#038;r=g' srcset='https:\/\/secure.gravatar.com\/avatar\/e795de9fef0c241212b1a2653459b763e7a4790623543507e389a9c026c6009e?s=96&#038;d=mm&#038;r=g 2x' class='avatar avatar-48 photo' height='48' width='48' \/><\/div><div class=\"wp-block-post-author__content\"><p class=\"wp-block-post-author__name\">juliacunyADMIN<\/p><\/div><\/div>\n\n<div class=\"has-text-align-left wp-block-post-excerpt\"><p class=\"wp-block-post-excerpt__excerpt\">MoodBites to szkolenie skrojone na miar\u0119 dla specjalist\u00f3w z sektora spo\u0142ecznego i edukacyjnego w dziedzinie zdrowia psychicznego (g\u0142\u00f3wna grupa docelowa), dotycz\u0105ce teorii i praktyki zdrowego od\u017cywiania jako jednego z kluczowych czynnik\u00f3w wp\u0142ywaj\u0105cych na dobrostan psychiczny. <\/p><\/div>\n\n<div class=\"wp-block-sensei-lms-course-overview\"><a href=\"https:\/\/www.moodbites.eu\/pl\/course\/szkolenie-moodbites\/\">Przegl\u0105d kursu<\/a><\/div>\n\n<\/div>\n\n\n\n<div class=\"wp-block-column is-layout-flow wp-block-column-is-layout-flow\" style=\"padding-top:0;flex-basis:33.33%\">\n<div class=\"sensei-block-wrapper sensei-cta wp-block-sensei-lms-button-take-course\">\n\t\t\t<form method=\"GET\" action=\"https:\/\/www.moodbites.eu\/pl\/szkolenie\/\">\n\t\t\t<input type=\"hidden\" name=\"redirect_to\" value=\"https:\/\/www.moodbites.eu\/pl\/course\/szkolenie-moodbites\/?take_course_sign_in=1\" \/>\n\t\t\t\n<div class=\"wp-block-sensei-lms-button-take-course is-style-default wp-block-sensei-button wp-block-button has-text-align-right\"><button class=\"wp-block-button__link\">Zapisz si\u0119 na kurs<\/button><\/div>\n\n\t\t\t<\/form>\n\t\t\t<\/div>\n\n\n\n\n<\/div>\n<\/div>\n<\/div>\n\n<\/li><\/ul>\n\n<\/div>\n","protected":false},"excerpt":{"rendered":"","protected":false},"author":1,"featured_media":0,"parent":0,"menu_order":0,"comment_status":"closed","ping_status":"closed","template":"","meta":{"_coblocks_attr":"","_coblocks_dimensions":"","_coblocks_responsive_height":"","_coblocks_accordion_ie_support":"","_uag_custom_page_level_css":"","_uf_show_specific_survey":0,"_uf_disable_surveys":false,"site-sidebar-layout":"default","site-content-layout":"","ast-site-content-layout":"default","site-content-style":"default","site-sidebar-style":"default","ast-global-header-display":"","ast-banner-title-visibility":"","ast-main-header-display":"","ast-hfb-above-header-display":"","ast-hfb-below-header-display":"","ast-hfb-mobile-header-display":"","site-post-title":"disabled","ast-breadcrumbs-content":"","ast-featured-img":"","footer-sml-layout":"","theme-transparent-header-meta":"","adv-header-id-meta":"","stick-header-meta":"","header-above-stick-meta":"","header-main-stick-meta":"","header-below-stick-meta":"","astra-migrate-meta-layouts":"default","ast-page-background-enabled":"default","ast-page-background-meta":{"desktop":{"background-color":"var(--ast-global-color-5)","background-image":"","background-repeat":"repeat","background-position":"center center","background-size":"auto","background-attachment":"scroll","background-type":"","background-media":"","overlay-type":"","overlay-color":"","overlay-opacity":"","overlay-gradient":""},"tablet":{"background-color":"","background-image":"","background-repeat":"repeat","background-position":"center center","background-size":"auto","background-attachment":"scroll","background-type":"","background-media":"","overlay-type":"","overlay-color":"","overlay-opacity":"","overlay-gradient":""},"mobile":{"background-color":"","background-image":"","background-repeat":"repeat","background-position":"center center","background-size":"auto","background-attachment":"scroll","background-type":"","background-media":"","overlay-type":"","overlay-color":"","overlay-opacity":"","overlay-gradient":""}},"ast-content-background-meta":{"desktop":{"background-color":"var(--ast-global-color-4)","background-image":"","background-repeat":"repeat","background-position":"center center","background-size":"auto","background-attachment":"scroll","background-type":"","background-media":"","overlay-type":"","overlay-color":"","overlay-opacity":"","overlay-gradient":""},"tablet":{"background-color":"var(--ast-global-color-4)","background-image":"","background-repeat":"repeat","background-position":"center center","background-size":"auto","background-attachment":"scroll","background-type":"","background-media":"","overlay-type":"","overlay-color":"","overlay-opacity":"","overlay-gradient":""},"mobile":{"background-color":"var(--ast-global-color-4)","background-image":"","background-repeat":"repeat","background-position":"center center","background-size":"auto","background-attachment":"scroll","background-type":"","background-media":"","overlay-type":"","overlay-color":"","overlay-opacity":"","overlay-gradient":""}},"footnotes":""},"class_list":["post-1389","page","type-page","status-publish","hentry"],"aioseo_notices":[],"yoast_head":"<!-- This site is optimized with the Yoast SEO plugin v27.3 - https:\/\/yoast.com\/product\/yoast-seo-wordpress\/ -->\n<title>Moje kursy -<\/title>\n<meta name=\"robots\" content=\"index, follow, max-snippet:-1, max-image-preview:large, max-video-preview:-1\" \/>\n<link rel=\"canonical\" href=\"https:\/\/www.moodbites.eu\/pl\/moje-kursy\/\" \/>\n<meta property=\"og:locale\" content=\"pl_PL\" \/>\n<meta property=\"og:type\" content=\"article\" \/>\n<meta property=\"og:title\" content=\"Moje kursy -\" \/>\n<meta property=\"og:url\" content=\"https:\/\/www.moodbites.eu\/pl\/moje-kursy\/\" \/>\n<meta property=\"article:modified_time\" content=\"2025-11-18T15:56:26+00:00\" \/>\n<meta name=\"twitter:card\" content=\"summary_large_image\" \/>\n<script type=\"application\/ld+json\" class=\"yoast-schema-graph\">{\"@context\":\"https:\\\/\\\/schema.org\",\"@graph\":[{\"@type\":\"WebPage\",\"@id\":\"https:\\\/\\\/www.moodbites.eu\\\/pl\\\/moje-kursy\\\/\",\"url\":\"https:\\\/\\\/www.moodbites.eu\\\/pl\\\/moje-kursy\\\/\",\"name\":\"Moje kursy -\",\"isPartOf\":{\"@id\":\"https:\\\/\\\/www.moodbites.eu\\\/pl\\\/#website\"},\"datePublished\":\"2025-05-28T08:37:14+00:00\",\"dateModified\":\"2025-11-18T15:56:26+00:00\",\"breadcrumb\":{\"@id\":\"https:\\\/\\\/www.moodbites.eu\\\/pl\\\/moje-kursy\\\/#breadcrumb\"},\"inLanguage\":\"pl-PL\",\"potentialAction\":[{\"@type\":\"ReadAction\",\"target\":[\"https:\\\/\\\/www.moodbites.eu\\\/pl\\\/moje-kursy\\\/\"]}]},{\"@type\":\"BreadcrumbList\",\"@id\":\"https:\\\/\\\/www.moodbites.eu\\\/pl\\\/moje-kursy\\\/#breadcrumb\",\"itemListElement\":[{\"@type\":\"ListItem\",\"position\":1,\"name\":\"Portada\",\"item\":\"https:\\\/\\\/www.moodbites.eu\\\/pl\\\/\"},{\"@type\":\"ListItem\",\"position\":2,\"name\":\"Moje kursy\"}]},{\"@type\":\"WebSite\",\"@id\":\"https:\\\/\\\/www.moodbites.eu\\\/pl\\\/#website\",\"url\":\"https:\\\/\\\/www.moodbites.eu\\\/pl\\\/\",\"name\":\"Moodbites\",\"description\":\"Tailored training program that helps mental health professionals use nutrition to support the well-being of people with mental disorders.\",\"publisher\":{\"@id\":\"https:\\\/\\\/www.moodbites.eu\\\/pl\\\/#organization\"},\"potentialAction\":[{\"@type\":\"SearchAction\",\"target\":{\"@type\":\"EntryPoint\",\"urlTemplate\":\"https:\\\/\\\/www.moodbites.eu\\\/pl\\\/?s={search_term_string}\"},\"query-input\":{\"@type\":\"PropertyValueSpecification\",\"valueRequired\":true,\"valueName\":\"search_term_string\"}}],\"inLanguage\":\"pl-PL\"},{\"@type\":\"Organization\",\"@id\":\"https:\\\/\\\/www.moodbites.eu\\\/pl\\\/#organization\",\"name\":\"Moodbites\",\"url\":\"https:\\\/\\\/www.moodbites.eu\\\/pl\\\/\",\"logo\":{\"@type\":\"ImageObject\",\"inLanguage\":\"pl-PL\",\"@id\":\"https:\\\/\\\/www.moodbites.eu\\\/pl\\\/#\\\/schema\\\/logo\\\/image\\\/\",\"url\":\"https:\\\/\\\/www.moodbites.eu\\\/wp-content\\\/uploads\\\/2025\\\/05\\\/logo.png\",\"contentUrl\":\"https:\\\/\\\/www.moodbites.eu\\\/wp-content\\\/uploads\\\/2025\\\/05\\\/logo.png\",\"width\":160,\"height\":68,\"caption\":\"Moodbites\"},\"image\":{\"@id\":\"https:\\\/\\\/www.moodbites.eu\\\/pl\\\/#\\\/schema\\\/logo\\\/image\\\/\"}}]}<\/script>\n<!-- \/ Yoast SEO plugin. -->","yoast_head_json":{"title":"Moje kursy -","robots":{"index":"index","follow":"follow","max-snippet":"max-snippet:-1","max-image-preview":"max-image-preview:large","max-video-preview":"max-video-preview:-1"},"canonical":"https:\/\/www.moodbites.eu\/pl\/moje-kursy\/","og_locale":"pl_PL","og_type":"article","og_title":"Moje kursy -","og_url":"https:\/\/www.moodbites.eu\/pl\/moje-kursy\/","article_modified_time":"2025-11-18T15:56:26+00:00","twitter_card":"summary_large_image","schema":{"@context":"https:\/\/schema.org","@graph":[{"@type":"WebPage","@id":"https:\/\/www.moodbites.eu\/pl\/moje-kursy\/","url":"https:\/\/www.moodbites.eu\/pl\/moje-kursy\/","name":"Moje kursy -","isPartOf":{"@id":"https:\/\/www.moodbites.eu\/pl\/#website"},"datePublished":"2025-05-28T08:37:14+00:00","dateModified":"2025-11-18T15:56:26+00:00","breadcrumb":{"@id":"https:\/\/www.moodbites.eu\/pl\/moje-kursy\/#breadcrumb"},"inLanguage":"pl-PL","potentialAction":[{"@type":"ReadAction","target":["https:\/\/www.moodbites.eu\/pl\/moje-kursy\/"]}]},{"@type":"BreadcrumbList","@id":"https:\/\/www.moodbites.eu\/pl\/moje-kursy\/#breadcrumb","itemListElement":[{"@type":"ListItem","position":1,"name":"Portada","item":"https:\/\/www.moodbites.eu\/pl\/"},{"@type":"ListItem","position":2,"name":"Moje kursy"}]},{"@type":"WebSite","@id":"https:\/\/www.moodbites.eu\/pl\/#website","url":"https:\/\/www.moodbites.eu\/pl\/","name":"Moodbites","description":"Tailored training program that helps mental health professionals use nutrition to support the well-being of people with mental disorders.","publisher":{"@id":"https:\/\/www.moodbites.eu\/pl\/#organization"},"potentialAction":[{"@type":"SearchAction","target":{"@type":"EntryPoint","urlTemplate":"https:\/\/www.moodbites.eu\/pl\/?s={search_term_string}"},"query-input":{"@type":"PropertyValueSpecification","valueRequired":true,"valueName":"search_term_string"}}],"inLanguage":"pl-PL"},{"@type":"Organization","@id":"https:\/\/www.moodbites.eu\/pl\/#organization","name":"Moodbites","url":"https:\/\/www.moodbites.eu\/pl\/","logo":{"@type":"ImageObject","inLanguage":"pl-PL","@id":"https:\/\/www.moodbites.eu\/pl\/#\/schema\/logo\/image\/","url":"https:\/\/www.moodbites.eu\/wp-content\/uploads\/2025\/05\/logo.png","contentUrl":"https:\/\/www.moodbites.eu\/wp-content\/uploads\/2025\/05\/logo.png","width":160,"height":68,"caption":"Moodbites"},"image":{"@id":"https:\/\/www.moodbites.eu\/pl\/#\/schema\/logo\/image\/"}}]}},"uagb_featured_image_src":{"full":false,"thumbnail":false,"medium":false,"medium_large":false,"large":false,"course_archive_thumbnail":false,"course_single_thumbnail":false,"lesson_archive_thumbnail":false,"lesson_single_thumbnail":false,"1536x1536":false,"2048x2048":false},"uagb_author_info":{"display_name":"juliacunyADMIN","author_link":"https:\/\/www.moodbites.eu\/pl\/author\/juliacunyadmin\/"},"uagb_comment_info":0,"uagb_excerpt":null,"_links":{"self":[{"href":"https:\/\/www.moodbites.eu\/pl\/wp-json\/wp\/v2\/pages\/1389","targetHints":{"allow":["GET"]}}],"collection":[{"href":"https:\/\/www.moodbites.eu\/pl\/wp-json\/wp\/v2\/pages"}],"about":[{"href":"https:\/\/www.moodbites.eu\/pl\/wp-json\/wp\/v2\/types\/page"}],"author":[{"embeddable":true,"href":"https:\/\/www.moodbites.eu\/pl\/wp-json\/wp\/v2\/users\/1"}],"replies":[{"embeddable":true,"href":"https:\/\/www.moodbites.eu\/pl\/wp-json\/wp\/v2\/comments?post=1389"}],"version-history":[{"count":1,"href":"https:\/\/www.moodbites.eu\/pl\/wp-json\/wp\/v2\/pages\/1389\/revisions"}],"predecessor-version":[{"id":1390,"href":"https:\/\/www.moodbites.eu\/pl\/wp-json\/wp\/v2\/pages\/1389\/revisions\/1390"}],"wp:attachment":[{"href":"https:\/\/www.moodbites.eu\/pl\/wp-json\/wp\/v2\/media?parent=1389"}],"curies":[{"name":"wp","href":"https:\/\/api.w.org\/{rel}","templated":true}]}}