{"id":1418,"date":"2025-05-28T10:37:14","date_gmt":"2025-05-28T08:37:14","guid":{"rendered":"https:\/\/www.moodbites.eu\/szkolenie\/"},"modified":"2026-01-28T15:34:30","modified_gmt":"2026-01-28T14:34:30","slug":"szkolenie","status":"publish","type":"page","link":"https:\/\/www.moodbites.eu\/pl\/szkolenie\/","title":{"rendered":"Szkolenie"},"content":{"rendered":"\n<div style=\"height:190px\" aria-hidden=\"true\" class=\"wp-block-spacer\"><\/div>\n\t\t<div id=\"my-courses\">\n\t\t\t\t\t\t<div class=\"col2-set\" id=\"customer_login\">\n\n\t\t\t\t<div class=\"col-1\">\n\t\t\t\t\t\n<h2>Logowanie<\/h2>\n\n<form method=\"post\" name=\"sensi-login-form\" id=\"loginform\" class=\"login sensei\">\n\n\t\n\t<p class=\"sensei-login-username form-row form-row-wide\">\n\n\t\t\t\t<label for=\"sensei_user_login\">Nazwa u\u017cytkownika lub adres email <\/label>\n\n\t\t\t\t<input type=\"text\" name=\"log\" id=\"sensei_user_login\" class=\"input input-text\" value=\"\" size=\"20\">\n\n\t<\/p>\n\n\t<p class=\"sensei-login-password form-row form-row-wide\">\n\n\t\t\t\t<label for=\"sensei_user_pass\"> Has\u0142o  <\/label>\n\n\t\t\t\t<input type=\"password\" name=\"pwd\" id=\"sensei_user_pass\" class=\"input txt text input-text\" value=\"\" size=\"20\">\n\n\t<\/p>\n\n\t\n\t<p class='sensei-login-submit'>\n\n\t\t<input type=\"submit\" class=\"button wp-element-button\" name=\"login\" value=\"Logowanie\" \/>\n\n\t\t<a href=\"https:\/\/www.moodbites.eu\/wp-login.php?action=lostpassword\">Nie pami\u0119tasz has\u0142a?<\/a>\n\n\t<\/p>\n\n\t<p class='remember_me' >\n\n\t\t<label for=\"rememberme\" class=\"inline\">\n\n\t\t\t<input name=\"rememberme\" type=\"checkbox\" id=\"rememberme\" value=\"forever\" \/> Zapami\u0119taj mnie\n\t\t<\/label>\n\n\t<\/p>\n\n\t\n\t<input type=\"hidden\" id=\"_wpnonce\" name=\"_wpnonce\" value=\"1892d95d30\" \/><input type=\"hidden\" name=\"_wp_http_referer\" value=\"\/pl\/wp-json\/wp\/v2\/pages\/1418\" \/>\n\t<input type=\"hidden\" name=\"redirect\" value=\"https:\/\/www.moodbites.eu\/pl\/wp-json\/wp\/v2\/pages\/1418\/\" \/>\n\n\t<input type=\"hidden\" name=\"form\" value=\"sensei-login\" \/>\n\n\t<div class=\"clear\"><\/div>\n\n<\/form>\n\n\t\t\t\t<\/div>\n\n\t\t\t\t\t\t<\/div>\n\t\t<\/div>\n\n\t\t","protected":false},"excerpt":{"rendered":"","protected":false},"author":1,"featured_media":1419,"parent":0,"menu_order":0,"comment_status":"closed","ping_status":"closed","template":"","meta":{"_coblocks_attr":"","_coblocks_dimensions":"","_coblocks_responsive_height":"","_coblocks_accordion_ie_support":"","_uag_custom_page_level_css":"","_uf_show_specific_survey":0,"_uf_disable_surveys":false,"site-sidebar-layout":"default","site-content-layout":"","ast-site-content-layout":"default","site-content-style":"default","site-sidebar-style":"default","ast-global-header-display":"","ast-banner-title-visibility":"","ast-main-header-display":"","ast-hfb-above-header-display":"","ast-hfb-below-header-display":"","ast-hfb-mobile-header-display":"","site-post-title":"disabled","ast-breadcrumbs-content":"","ast-featured-img":"disabled","footer-sml-layout":"","theme-transparent-header-meta":"","adv-header-id-meta":"","stick-header-meta":"","header-above-stick-meta":"","header-main-stick-meta":"","header-below-stick-meta":"","astra-migrate-meta-layouts":"default","ast-page-background-enabled":"default","ast-page-background-meta":{"desktop":{"background-color":"var(--ast-global-color-5)","background-image":"","background-repeat":"repeat","background-position":"center center","background-size":"auto","background-attachment":"scroll","background-type":"","background-media":"","overlay-type":"","overlay-color":"","overlay-opacity":"","overlay-gradient":""},"tablet":{"background-color":"","background-image":"","background-repeat":"repeat","background-position":"center center","background-size":"auto","background-attachment":"scroll","background-type":"","background-media":"","overlay-type":"","overlay-color":"","overlay-opacity":"","overlay-gradient":""},"mobile":{"background-color":"","background-image":"","background-repeat":"repeat","background-position":"center center","background-size":"auto","background-attachment":"scroll","background-type":"","background-media":"","overlay-type":"","overlay-color":"","overlay-opacity":"","overlay-gradient":""}},"ast-content-background-meta":{"desktop":{"background-color":"var(--ast-global-color-4)","background-image":"","background-repeat":"repeat","background-position":"center center","background-size":"auto","background-attachment":"scroll","background-type":"","background-media":"","overlay-type":"","overlay-color":"","overlay-opacity":"","overlay-gradient":""},"tablet":{"background-color":"var(--ast-global-color-4)","background-image":"","background-repeat":"repeat","background-position":"center center","background-size":"auto","background-attachment":"scroll","background-type":"","background-media":"","overlay-type":"","overlay-color":"","overlay-opacity":"","overlay-gradient":""},"mobile":{"background-color":"var(--ast-global-color-4)","background-image":"","background-repeat":"repeat","background-position":"center center","background-size":"auto","background-attachment":"scroll","background-type":"","background-media":"","overlay-type":"","overlay-color":"","overlay-opacity":"","overlay-gradient":""}},"footnotes":""},"class_list":["post-1418","page","type-page","status-publish","has-post-thumbnail","hentry"],"aioseo_notices":[],"yoast_head":"<!-- This site is optimized with the Yoast SEO plugin v27.3 - https:\/\/yoast.com\/product\/yoast-seo-wordpress\/ -->\n<title>Szkolenie -<\/title>\n<meta name=\"robots\" content=\"index, follow, max-snippet:-1, max-image-preview:large, max-video-preview:-1\" \/>\n<link rel=\"canonical\" href=\"https:\/\/www.moodbites.eu\/pl\/szkolenie\/\" \/>\n<meta property=\"og:locale\" content=\"pl_PL\" \/>\n<meta property=\"og:type\" content=\"article\" \/>\n<meta property=\"og:title\" content=\"Szkolenie -\" \/>\n<meta property=\"og:url\" content=\"https:\/\/www.moodbites.eu\/pl\/szkolenie\/\" \/>\n<meta property=\"article:modified_time\" content=\"2026-01-28T14:34:30+00:00\" \/>\n<meta property=\"og:image\" content=\"https:\/\/www.moodbites.eu\/wp-content\/uploads\/2025\/05\/pexels-photo-3184188-3184188.jpg\" \/>\n\t<meta property=\"og:image:width\" content=\"434\" \/>\n\t<meta property=\"og:image:height\" content=\"650\" \/>\n\t<meta property=\"og:image:type\" content=\"image\/jpeg\" \/>\n<meta name=\"twitter:card\" content=\"summary_large_image\" \/>\n<script type=\"application\/ld+json\" class=\"yoast-schema-graph\">{\"@context\":\"https:\\\/\\\/schema.org\",\"@graph\":[{\"@type\":\"WebPage\",\"@id\":\"https:\\\/\\\/www.moodbites.eu\\\/pl\\\/szkolenie\\\/\",\"url\":\"https:\\\/\\\/www.moodbites.eu\\\/pl\\\/szkolenie\\\/\",\"name\":\"Szkolenie -\",\"isPartOf\":{\"@id\":\"https:\\\/\\\/www.moodbites.eu\\\/pl\\\/#website\"},\"primaryImageOfPage\":{\"@id\":\"https:\\\/\\\/www.moodbites.eu\\\/pl\\\/szkolenie\\\/#primaryimage\"},\"image\":{\"@id\":\"https:\\\/\\\/www.moodbites.eu\\\/pl\\\/szkolenie\\\/#primaryimage\"},\"thumbnailUrl\":\"https:\\\/\\\/www.moodbites.eu\\\/wp-content\\\/uploads\\\/2025\\\/05\\\/pexels-photo-3184188-3184188.jpg\",\"datePublished\":\"2025-05-28T08:37:14+00:00\",\"dateModified\":\"2026-01-28T14:34:30+00:00\",\"breadcrumb\":{\"@id\":\"https:\\\/\\\/www.moodbites.eu\\\/pl\\\/szkolenie\\\/#breadcrumb\"},\"inLanguage\":\"pl-PL\",\"potentialAction\":[{\"@type\":\"ReadAction\",\"target\":[\"https:\\\/\\\/www.moodbites.eu\\\/pl\\\/szkolenie\\\/\"]}]},{\"@type\":\"ImageObject\",\"inLanguage\":\"pl-PL\",\"@id\":\"https:\\\/\\\/www.moodbites.eu\\\/pl\\\/szkolenie\\\/#primaryimage\",\"url\":\"https:\\\/\\\/www.moodbites.eu\\\/wp-content\\\/uploads\\\/2025\\\/05\\\/pexels-photo-3184188-3184188.jpg\",\"contentUrl\":\"https:\\\/\\\/www.moodbites.eu\\\/wp-content\\\/uploads\\\/2025\\\/05\\\/pexels-photo-3184188-3184188.jpg\",\"width\":434,\"height\":650,\"caption\":\"Grupa ludzi dziel\u0105ca si\u0119 posi\u0142kiem sk\u0142adaj\u0105cym si\u0119 z sa\u0142atek, makaronu i \u015bwie\u017cych warzyw, promuj\u0105c w ten spos\u00f3b poczucie wsp\u00f3lnoty.\"},{\"@type\":\"BreadcrumbList\",\"@id\":\"https:\\\/\\\/www.moodbites.eu\\\/pl\\\/szkolenie\\\/#breadcrumb\",\"itemListElement\":[{\"@type\":\"ListItem\",\"position\":1,\"name\":\"Portada\",\"item\":\"https:\\\/\\\/www.moodbites.eu\\\/pl\\\/\"},{\"@type\":\"ListItem\",\"position\":2,\"name\":\"Szkolenie\"}]},{\"@type\":\"WebSite\",\"@id\":\"https:\\\/\\\/www.moodbites.eu\\\/pl\\\/#website\",\"url\":\"https:\\\/\\\/www.moodbites.eu\\\/pl\\\/\",\"name\":\"Moodbites\",\"description\":\"Tailored training program that helps mental health professionals use nutrition to support the well-being of people with mental disorders.\",\"publisher\":{\"@id\":\"https:\\\/\\\/www.moodbites.eu\\\/pl\\\/#organization\"},\"potentialAction\":[{\"@type\":\"SearchAction\",\"target\":{\"@type\":\"EntryPoint\",\"urlTemplate\":\"https:\\\/\\\/www.moodbites.eu\\\/pl\\\/?s={search_term_string}\"},\"query-input\":{\"@type\":\"PropertyValueSpecification\",\"valueRequired\":true,\"valueName\":\"search_term_string\"}}],\"inLanguage\":\"pl-PL\"},{\"@type\":\"Organization\",\"@id\":\"https:\\\/\\\/www.moodbites.eu\\\/pl\\\/#organization\",\"name\":\"Moodbites\",\"url\":\"https:\\\/\\\/www.moodbites.eu\\\/pl\\\/\",\"logo\":{\"@type\":\"ImageObject\",\"inLanguage\":\"pl-PL\",\"@id\":\"https:\\\/\\\/www.moodbites.eu\\\/pl\\\/#\\\/schema\\\/logo\\\/image\\\/\",\"url\":\"https:\\\/\\\/www.moodbites.eu\\\/wp-content\\\/uploads\\\/2025\\\/05\\\/logo.png\",\"contentUrl\":\"https:\\\/\\\/www.moodbites.eu\\\/wp-content\\\/uploads\\\/2025\\\/05\\\/logo.png\",\"width\":160,\"height\":68,\"caption\":\"Moodbites\"},\"image\":{\"@id\":\"https:\\\/\\\/www.moodbites.eu\\\/pl\\\/#\\\/schema\\\/logo\\\/image\\\/\"}}]}<\/script>\n<!-- \/ Yoast SEO plugin. -->","yoast_head_json":{"title":"Szkolenie -","robots":{"index":"index","follow":"follow","max-snippet":"max-snippet:-1","max-image-preview":"max-image-preview:large","max-video-preview":"max-video-preview:-1"},"canonical":"https:\/\/www.moodbites.eu\/pl\/szkolenie\/","og_locale":"pl_PL","og_type":"article","og_title":"Szkolenie -","og_url":"https:\/\/www.moodbites.eu\/pl\/szkolenie\/","article_modified_time":"2026-01-28T14:34:30+00:00","og_image":[{"width":434,"height":650,"url":"https:\/\/www.moodbites.eu\/wp-content\/uploads\/2025\/05\/pexels-photo-3184188-3184188.jpg","type":"image\/jpeg"}],"twitter_card":"summary_large_image","schema":{"@context":"https:\/\/schema.org","@graph":[{"@type":"WebPage","@id":"https:\/\/www.moodbites.eu\/pl\/szkolenie\/","url":"https:\/\/www.moodbites.eu\/pl\/szkolenie\/","name":"Szkolenie -","isPartOf":{"@id":"https:\/\/www.moodbites.eu\/pl\/#website"},"primaryImageOfPage":{"@id":"https:\/\/www.moodbites.eu\/pl\/szkolenie\/#primaryimage"},"image":{"@id":"https:\/\/www.moodbites.eu\/pl\/szkolenie\/#primaryimage"},"thumbnailUrl":"https:\/\/www.moodbites.eu\/wp-content\/uploads\/2025\/05\/pexels-photo-3184188-3184188.jpg","datePublished":"2025-05-28T08:37:14+00:00","dateModified":"2026-01-28T14:34:30+00:00","breadcrumb":{"@id":"https:\/\/www.moodbites.eu\/pl\/szkolenie\/#breadcrumb"},"inLanguage":"pl-PL","potentialAction":[{"@type":"ReadAction","target":["https:\/\/www.moodbites.eu\/pl\/szkolenie\/"]}]},{"@type":"ImageObject","inLanguage":"pl-PL","@id":"https:\/\/www.moodbites.eu\/pl\/szkolenie\/#primaryimage","url":"https:\/\/www.moodbites.eu\/wp-content\/uploads\/2025\/05\/pexels-photo-3184188-3184188.jpg","contentUrl":"https:\/\/www.moodbites.eu\/wp-content\/uploads\/2025\/05\/pexels-photo-3184188-3184188.jpg","width":434,"height":650,"caption":"Grupa ludzi dziel\u0105ca si\u0119 posi\u0142kiem sk\u0142adaj\u0105cym si\u0119 z sa\u0142atek, makaronu i \u015bwie\u017cych warzyw, promuj\u0105c w ten spos\u00f3b poczucie wsp\u00f3lnoty."},{"@type":"BreadcrumbList","@id":"https:\/\/www.moodbites.eu\/pl\/szkolenie\/#breadcrumb","itemListElement":[{"@type":"ListItem","position":1,"name":"Portada","item":"https:\/\/www.moodbites.eu\/pl\/"},{"@type":"ListItem","position":2,"name":"Szkolenie"}]},{"@type":"WebSite","@id":"https:\/\/www.moodbites.eu\/pl\/#website","url":"https:\/\/www.moodbites.eu\/pl\/","name":"Moodbites","description":"Tailored training program that helps mental health professionals use nutrition to support the well-being of people with mental disorders.","publisher":{"@id":"https:\/\/www.moodbites.eu\/pl\/#organization"},"potentialAction":[{"@type":"SearchAction","target":{"@type":"EntryPoint","urlTemplate":"https:\/\/www.moodbites.eu\/pl\/?s={search_term_string}"},"query-input":{"@type":"PropertyValueSpecification","valueRequired":true,"valueName":"search_term_string"}}],"inLanguage":"pl-PL"},{"@type":"Organization","@id":"https:\/\/www.moodbites.eu\/pl\/#organization","name":"Moodbites","url":"https:\/\/www.moodbites.eu\/pl\/","logo":{"@type":"ImageObject","inLanguage":"pl-PL","@id":"https:\/\/www.moodbites.eu\/pl\/#\/schema\/logo\/image\/","url":"https:\/\/www.moodbites.eu\/wp-content\/uploads\/2025\/05\/logo.png","contentUrl":"https:\/\/www.moodbites.eu\/wp-content\/uploads\/2025\/05\/logo.png","width":160,"height":68,"caption":"Moodbites"},"image":{"@id":"https:\/\/www.moodbites.eu\/pl\/#\/schema\/logo\/image\/"}}]}},"uagb_featured_image_src":{"full":["https:\/\/www.moodbites.eu\/wp-content\/uploads\/2025\/05\/pexels-photo-3184188-3184188.jpg",434,650,false],"thumbnail":["https:\/\/www.moodbites.eu\/wp-content\/uploads\/2025\/05\/pexels-photo-3184188-3184188-150x150.jpg",150,150,true],"medium":["https:\/\/www.moodbites.eu\/wp-content\/uploads\/2025\/05\/pexels-photo-3184188-3184188-200x300.jpg",200,300,true],"medium_large":["https:\/\/www.moodbites.eu\/wp-content\/uploads\/2025\/05\/pexels-photo-3184188-3184188.jpg",434,650,false],"large":["https:\/\/www.moodbites.eu\/wp-content\/uploads\/2025\/05\/pexels-photo-3184188-3184188.jpg",434,650,false],"course_archive_thumbnail":["https:\/\/www.moodbites.eu\/wp-content\/uploads\/2025\/05\/pexels-photo-3184188-3184188.jpg",67,100,false],"course_single_thumbnail":["https:\/\/www.moodbites.eu\/wp-content\/uploads\/2025\/05\/pexels-photo-3184188-3184188.jpg",67,100,false],"lesson_archive_thumbnail":["https:\/\/www.moodbites.eu\/wp-content\/uploads\/2025\/05\/pexels-photo-3184188-3184188.jpg",67,100,false],"lesson_single_thumbnail":["https:\/\/www.moodbites.eu\/wp-content\/uploads\/2025\/05\/pexels-photo-3184188-3184188.jpg",67,100,false],"1536x1536":["https:\/\/www.moodbites.eu\/wp-content\/uploads\/2025\/05\/pexels-photo-3184188-3184188.jpg",434,650,false],"2048x2048":["https:\/\/www.moodbites.eu\/wp-content\/uploads\/2025\/05\/pexels-photo-3184188-3184188.jpg",434,650,false]},"uagb_author_info":{"display_name":"juliacunyADMIN","author_link":"https:\/\/www.moodbites.eu\/pl\/author\/juliacunyadmin\/"},"uagb_comment_info":0,"uagb_excerpt":null,"_links":{"self":[{"href":"https:\/\/www.moodbites.eu\/pl\/wp-json\/wp\/v2\/pages\/1418","targetHints":{"allow":["GET"]}}],"collection":[{"href":"https:\/\/www.moodbites.eu\/pl\/wp-json\/wp\/v2\/pages"}],"about":[{"href":"https:\/\/www.moodbites.eu\/pl\/wp-json\/wp\/v2\/types\/page"}],"author":[{"embeddable":true,"href":"https:\/\/www.moodbites.eu\/pl\/wp-json\/wp\/v2\/users\/1"}],"replies":[{"embeddable":true,"href":"https:\/\/www.moodbites.eu\/pl\/wp-json\/wp\/v2\/comments?post=1418"}],"version-history":[{"count":3,"href":"https:\/\/www.moodbites.eu\/pl\/wp-json\/wp\/v2\/pages\/1418\/revisions"}],"predecessor-version":[{"id":3004,"href":"https:\/\/www.moodbites.eu\/pl\/wp-json\/wp\/v2\/pages\/1418\/revisions\/3004"}],"wp:featuredmedia":[{"embeddable":true,"href":"https:\/\/www.moodbites.eu\/pl\/wp-json\/wp\/v2\/media\/1419"}],"wp:attachment":[{"href":"https:\/\/www.moodbites.eu\/pl\/wp-json\/wp\/v2\/media?parent=1418"}],"curies":[{"name":"wp","href":"https:\/\/api.w.org\/{rel}","templated":true}]}}