{"id":1352,"date":"2025-07-02T13:15:45","date_gmt":"2025-07-02T11:15:45","guid":{"rendered":"https:\/\/www.moodbites.eu\/aviso-legal\/"},"modified":"2025-12-16T15:11:00","modified_gmt":"2025-12-16T14:11:00","slug":"aviso-legal","status":"publish","type":"page","link":"https:\/\/www.moodbites.eu\/pt-pt\/aviso-legal\/","title":{"rendered":"Aviso legal"},"content":{"rendered":"\n<div class=\"wp-block-uagb-container uagb-block-d85f7fa1 alignfull uagb-is-root-container\"><div class=\"uagb-container-inner-blocks-wrap\">\n<div style=\"height:150px\" aria-hidden=\"true\" class=\"wp-block-spacer\"><\/div>\n<\/div><\/div>\n<div class=\"yoast-breadcrumbs\"><span><span><a href=\"https:\/\/www.moodbites.eu\/pt-pt\/\">Portada<\/a><\/span> \u00bb <span class=\"breadcrumb_last\" aria-current=\"page\">Aviso legal<\/span><\/span><\/div>\n<hr class=\"wp-block-separator has-alpha-channel-opacity is-style-wide\"\/>\n\n<h1 class=\"wp-block-heading\">\u2696\ufe0f Aviso Legal \u2013 moodbites.eu<\/h1>\n\n<p><strong>Em conformidade com a Lei 34\/2002<\/strong> sobre Servi\u00e7os da Sociedade da Informa\u00e7\u00e3o e Com\u00e9rcio Eletr\u00f3nico (LSSI-CE), informamos:<\/p>\n\n<h2 class=\"wp-block-heading\">1. Propriedade<\/h2>\n\n<p>Este site pertence e \u00e9 mantido por:<\/p>\n\n<p><strong>Funda\u00e7\u00e3o INTRAS<\/strong><br\/>Morada registada: C\/ Mart\u00edn Santos Romero, 1 \u2013 47016 Valladolid, Espanha<br\/>CIF: G47345606<br\/>E-mail: <a>intras@intras.es<\/a><br\/>Site: <a class=\"\" href=\"http:\/\/www.intras.es\">www.intras.es<\/a><\/p>\n\n<hr class=\"wp-block-separator has-alpha-channel-opacity is-style-wide\"\/>\n\n<h2 class=\"wp-block-heading\">2. Objetivo<\/h2>\n\n<p>Este s\u00edtio Web disponibiliza informa\u00e7\u00e3o sobre o projecto MOODBites, uma iniciativa de investiga\u00e7\u00e3o e inova\u00e7\u00e3o financiada pela Uni\u00e3o Europeia. O seu objetivo \u00e9 promover a sensibiliza\u00e7\u00e3o, o conhecimento e a colabora\u00e7\u00e3o entre as partes interessadas do projeto. <\/p>\n\n<hr class=\"wp-block-separator has-alpha-channel-opacity is-style-wide\"\/>\n\n<h2 class=\"wp-block-heading\">3. Propriedade Intelectual<\/h2>\n\n<p>Todo o conte\u00fado do site (textos, imagens, v\u00eddeos, log\u00f3tipos, documentos) est\u00e1 protegido por direitos de propriedade intelectual. A sua reprodu\u00e7\u00e3o, distribui\u00e7\u00e3o ou modifica\u00e7\u00e3o sem autoriza\u00e7\u00e3o expressa \u00e9 proibida, salvo indica\u00e7\u00e3o em contr\u00e1rio. <\/p>\n\n<p>Alguns conte\u00fados podem ser publicados sob licen\u00e7as abertas (por exemplo, Creative Commons), caso em que tal ser\u00e1 explicitamente indicado.<\/p>\n\n<p class=\"has-medium-font-size\"><strong>\ud83d\udcf8 Cr\u00e9ditos e direitos sobre recursos visuais<\/strong><\/p>\n\n<p>Este site pode incluir recursos gr\u00e1ficos, ilustra\u00e7\u00f5es, fotografias ou v\u00eddeos obtidos a partir de plataformas externas sob licen\u00e7as que permitem a sua utiliza\u00e7\u00e3o comercial:<\/p>\n\n<ul class=\"wp-block-list\">\n<li><strong>Imagens<\/strong>: Algumas imagens foram obtidas do<a> Pexels<\/a> sob uma licen\u00e7a livre que permite a sua utiliza\u00e7\u00e3o sem atribui\u00e7\u00e3o obrigat\u00f3ria. No entanto, a autoria dos criadores \u00e9 reconhecida e valorizada de acordo com os termos de utiliza\u00e7\u00e3o da plataforma. <\/li>\n\n\n\n<li><strong>Ilustra\u00e7\u00f5es e elementos gr\u00e1ficos:<\/strong> Certos elementos visuais foram obtidos a partir do <a>Freepik<\/a>. A utiliza\u00e7\u00e3o destes elementos est\u00e1 em conformidade com os termos da licen\u00e7a do Freepik. Quando a atribui\u00e7\u00e3o for necess\u00e1ria, os cr\u00e9ditos ser\u00e3o fornecidos da seguinte forma:  <br\/><em>\u201cArte del canal de youtube de recetas planas org\u00e1nicas\/Illustration created by @pikisuperstar at Freepik.com\u201d<\/em>.<\/li>\n\n\n\n<li><strong>V\u00eddeos e modelos de design<\/strong>: Foram criados alguns materiais visuais utilizando a plataforma <a>Canva,<\/a> empregando elementos sujeitos \u00e0 sua Licen\u00e7a de Conte\u00fado (Gratuita ou Pro, conforme aplic\u00e1vel).<\/li>\n<\/ul>\n\n<p>O propriet\u00e1rio deste site n\u00e3o reivindica a autoria destes recursos externos e respeita integralmente os direitos morais e econ\u00f3micos dos seus autores, bem como as condi\u00e7\u00f5es de utiliza\u00e7\u00e3o estabelecidas por cada plataforma.<\/p>\n\n<hr class=\"wp-block-separator has-alpha-channel-opacity is-style-wide\"\/>\n\n<h2 class=\"wp-block-heading\">4. Limita\u00e7\u00e3o de Responsabilidade<\/h2>\n\n<p>O propriet\u00e1rio do site n\u00e3o se responsabiliza por:<\/p>\n\n<ul class=\"wp-block-list\">\n<li>Utiliza\u00e7\u00e3o indevida ou ilegal das informa\u00e7\u00f5es contidas<\/li>\n\n\n\n<li>Interrup\u00e7\u00f5es de servi\u00e7o ou erros fora do nosso controlo<\/li>\n\n\n\n<li>Conte\u00fado ligado externamente atrav\u00e9s de sites de terceiros<\/li>\n<\/ul>\n\n<hr class=\"wp-block-separator has-alpha-channel-opacity is-style-wide\"\/>\n\n<h2 class=\"wp-block-heading\">5. Links externos<\/h2>\n\n<p>Os links externos podem direcion\u00e1-lo para outros sites que n\u00e3o s\u00e3o operados pela Fundaci\u00f3n INTRAS. N\u00e3o temos qualquer controlo sobre o conte\u00fado e as pr\u00e1ticas de privacidade desses sites. <\/p>\n\n<hr class=\"wp-block-separator has-alpha-channel-opacity is-style-wide\"\/>\n\n<h2 class=\"wp-block-heading\">6.\u00ba Lei Aplic\u00e1vel e Jurisdi\u00e7\u00e3o<\/h2>\n\n<p>Estes termos legais s\u00e3o regidos pela lei espanhola. Qualquer lit\u00edgio decorrente deste site ser\u00e1 submetido aos tribunais de <strong>Valladolid, <\/strong><x id=\"gid_1\"><\/x> <\/p>\n\n<p><\/p>\n","protected":false},"excerpt":{"rendered":"<p>\u2696\ufe0f Aviso Legal \u2013 moodbites.eu Em conformidade com a Lei 34\/2002 sobre Servi\u00e7os da Sociedade da Informa\u00e7\u00e3o e Com\u00e9rcio Eletr\u00f3nico [&hellip;]<\/p>\n","protected":false},"author":1,"featured_media":0,"parent":0,"menu_order":0,"comment_status":"closed","ping_status":"closed","template":"","meta":{"_coblocks_attr":"","_coblocks_dimensions":"","_coblocks_responsive_height":"","_coblocks_accordion_ie_support":"","_uag_custom_page_level_css":"","_uf_show_specific_survey":0,"_uf_disable_surveys":false,"site-sidebar-layout":"default","site-content-layout":"","ast-site-content-layout":"default","site-content-style":"default","site-sidebar-style":"default","ast-global-header-display":"","ast-banner-title-visibility":"","ast-main-header-display":"","ast-hfb-above-header-display":"","ast-hfb-below-header-display":"","ast-hfb-mobile-header-display":"","site-post-title":"disabled","ast-breadcrumbs-content":"","ast-featured-img":"","footer-sml-layout":"","theme-transparent-header-meta":"","adv-header-id-meta":"","stick-header-meta":"","header-above-stick-meta":"","header-main-stick-meta":"","header-below-stick-meta":"","astra-migrate-meta-layouts":"default","ast-page-background-enabled":"default","ast-page-background-meta":{"desktop":{"background-color":"var(--ast-global-color-5)","background-image":"","background-repeat":"repeat","background-position":"center center","background-size":"auto","background-attachment":"scroll","background-type":"","background-media":"","overlay-type":"","overlay-color":"","overlay-opacity":"","overlay-gradient":""},"tablet":{"background-color":"","background-image":"","background-repeat":"repeat","background-position":"center center","background-size":"auto","background-attachment":"scroll","background-type":"","background-media":"","overlay-type":"","overlay-color":"","overlay-opacity":"","overlay-gradient":""},"mobile":{"background-color":"","background-image":"","background-repeat":"repeat","background-position":"center center","background-size":"auto","background-attachment":"scroll","background-type":"","background-media":"","overlay-type":"","overlay-color":"","overlay-opacity":"","overlay-gradient":""}},"ast-content-background-meta":{"desktop":{"background-color":"var(--ast-global-color-4)","background-image":"","background-repeat":"repeat","background-position":"center center","background-size":"auto","background-attachment":"scroll","background-type":"","background-media":"","overlay-type":"","overlay-color":"","overlay-opacity":"","overlay-gradient":""},"tablet":{"background-color":"var(--ast-global-color-4)","background-image":"","background-repeat":"repeat","background-position":"center center","background-size":"auto","background-attachment":"scroll","background-type":"","background-media":"","overlay-type":"","overlay-color":"","overlay-opacity":"","overlay-gradient":""},"mobile":{"background-color":"var(--ast-global-color-4)","background-image":"","background-repeat":"repeat","background-position":"center center","background-size":"auto","background-attachment":"scroll","background-type":"","background-media":"","overlay-type":"","overlay-color":"","overlay-opacity":"","overlay-gradient":""}},"footnotes":""},"class_list":["post-1352","page","type-page","status-publish","hentry"],"aioseo_notices":[],"yoast_head":"<!-- This site is optimized with the Yoast SEO plugin v27.3 - https:\/\/yoast.com\/product\/yoast-seo-wordpress\/ -->\n<title>Aviso legal -<\/title>\n<meta name=\"robots\" content=\"index, follow, max-snippet:-1, max-image-preview:large, max-video-preview:-1\" \/>\n<link rel=\"canonical\" href=\"https:\/\/www.moodbites.eu\/pt-pt\/aviso-legal\/\" \/>\n<meta property=\"og:locale\" content=\"pt_PT\" \/>\n<meta property=\"og:type\" content=\"article\" \/>\n<meta property=\"og:title\" content=\"Aviso legal -\" \/>\n<meta property=\"og:description\" content=\"\u2696\ufe0f Aviso Legal \u2013 moodbites.eu Em conformidade com a Lei 34\/2002 sobre Servi\u00e7os da Sociedade da Informa\u00e7\u00e3o e Com\u00e9rcio Eletr\u00f3nico [&hellip;]\" \/>\n<meta property=\"og:url\" content=\"https:\/\/www.moodbites.eu\/pt-pt\/aviso-legal\/\" \/>\n<meta property=\"article:modified_time\" content=\"2025-12-16T14:11:00+00:00\" \/>\n<meta name=\"twitter:card\" content=\"summary_large_image\" \/>\n<meta name=\"twitter:label1\" content=\"Tempo estimado de leitura\" \/>\n\t<meta name=\"twitter:data1\" content=\"2 minutos\" \/>\n<script type=\"application\/ld+json\" class=\"yoast-schema-graph\">{\"@context\":\"https:\\\/\\\/schema.org\",\"@graph\":[{\"@type\":\"WebPage\",\"@id\":\"https:\\\/\\\/www.moodbites.eu\\\/pt-pt\\\/aviso-legal\\\/\",\"url\":\"https:\\\/\\\/www.moodbites.eu\\\/pt-pt\\\/aviso-legal\\\/\",\"name\":\"Aviso legal -\",\"isPartOf\":{\"@id\":\"https:\\\/\\\/www.moodbites.eu\\\/pt-pt\\\/#website\"},\"datePublished\":\"2025-07-02T11:15:45+00:00\",\"dateModified\":\"2025-12-16T14:11:00+00:00\",\"breadcrumb\":{\"@id\":\"https:\\\/\\\/www.moodbites.eu\\\/pt-pt\\\/aviso-legal\\\/#breadcrumb\"},\"inLanguage\":\"pt-PT\",\"potentialAction\":[{\"@type\":\"ReadAction\",\"target\":[\"https:\\\/\\\/www.moodbites.eu\\\/pt-pt\\\/aviso-legal\\\/\"]}]},{\"@type\":\"BreadcrumbList\",\"@id\":\"https:\\\/\\\/www.moodbites.eu\\\/pt-pt\\\/aviso-legal\\\/#breadcrumb\",\"itemListElement\":[{\"@type\":\"ListItem\",\"position\":1,\"name\":\"Portada\",\"item\":\"https:\\\/\\\/www.moodbites.eu\\\/pt-pt\\\/\"},{\"@type\":\"ListItem\",\"position\":2,\"name\":\"Aviso legal\"}]},{\"@type\":\"WebSite\",\"@id\":\"https:\\\/\\\/www.moodbites.eu\\\/pt-pt\\\/#website\",\"url\":\"https:\\\/\\\/www.moodbites.eu\\\/pt-pt\\\/\",\"name\":\"Moodbites\",\"description\":\"Tailored training program that helps mental health professionals use nutrition to support the well-being of people with mental disorders.\",\"publisher\":{\"@id\":\"https:\\\/\\\/www.moodbites.eu\\\/pt-pt\\\/#organization\"},\"potentialAction\":[{\"@type\":\"SearchAction\",\"target\":{\"@type\":\"EntryPoint\",\"urlTemplate\":\"https:\\\/\\\/www.moodbites.eu\\\/pt-pt\\\/?s={search_term_string}\"},\"query-input\":{\"@type\":\"PropertyValueSpecification\",\"valueRequired\":true,\"valueName\":\"search_term_string\"}}],\"inLanguage\":\"pt-PT\"},{\"@type\":\"Organization\",\"@id\":\"https:\\\/\\\/www.moodbites.eu\\\/pt-pt\\\/#organization\",\"name\":\"Moodbites\",\"url\":\"https:\\\/\\\/www.moodbites.eu\\\/pt-pt\\\/\",\"logo\":{\"@type\":\"ImageObject\",\"inLanguage\":\"pt-PT\",\"@id\":\"https:\\\/\\\/www.moodbites.eu\\\/pt-pt\\\/#\\\/schema\\\/logo\\\/image\\\/\",\"url\":\"https:\\\/\\\/www.moodbites.eu\\\/wp-content\\\/uploads\\\/2025\\\/05\\\/logo.png\",\"contentUrl\":\"https:\\\/\\\/www.moodbites.eu\\\/wp-content\\\/uploads\\\/2025\\\/05\\\/logo.png\",\"width\":160,\"height\":68,\"caption\":\"Moodbites\"},\"image\":{\"@id\":\"https:\\\/\\\/www.moodbites.eu\\\/pt-pt\\\/#\\\/schema\\\/logo\\\/image\\\/\"}}]}<\/script>\n<!-- \/ Yoast SEO plugin. -->","yoast_head_json":{"title":"Aviso legal -","robots":{"index":"index","follow":"follow","max-snippet":"max-snippet:-1","max-image-preview":"max-image-preview:large","max-video-preview":"max-video-preview:-1"},"canonical":"https:\/\/www.moodbites.eu\/pt-pt\/aviso-legal\/","og_locale":"pt_PT","og_type":"article","og_title":"Aviso legal -","og_description":"\u2696\ufe0f Aviso Legal \u2013 moodbites.eu Em conformidade com a Lei 34\/2002 sobre Servi\u00e7os da Sociedade da Informa\u00e7\u00e3o e Com\u00e9rcio Eletr\u00f3nico [&hellip;]","og_url":"https:\/\/www.moodbites.eu\/pt-pt\/aviso-legal\/","article_modified_time":"2025-12-16T14:11:00+00:00","twitter_card":"summary_large_image","twitter_misc":{"Tempo estimado de leitura":"2 minutos"},"schema":{"@context":"https:\/\/schema.org","@graph":[{"@type":"WebPage","@id":"https:\/\/www.moodbites.eu\/pt-pt\/aviso-legal\/","url":"https:\/\/www.moodbites.eu\/pt-pt\/aviso-legal\/","name":"Aviso legal -","isPartOf":{"@id":"https:\/\/www.moodbites.eu\/pt-pt\/#website"},"datePublished":"2025-07-02T11:15:45+00:00","dateModified":"2025-12-16T14:11:00+00:00","breadcrumb":{"@id":"https:\/\/www.moodbites.eu\/pt-pt\/aviso-legal\/#breadcrumb"},"inLanguage":"pt-PT","potentialAction":[{"@type":"ReadAction","target":["https:\/\/www.moodbites.eu\/pt-pt\/aviso-legal\/"]}]},{"@type":"BreadcrumbList","@id":"https:\/\/www.moodbites.eu\/pt-pt\/aviso-legal\/#breadcrumb","itemListElement":[{"@type":"ListItem","position":1,"name":"Portada","item":"https:\/\/www.moodbites.eu\/pt-pt\/"},{"@type":"ListItem","position":2,"name":"Aviso legal"}]},{"@type":"WebSite","@id":"https:\/\/www.moodbites.eu\/pt-pt\/#website","url":"https:\/\/www.moodbites.eu\/pt-pt\/","name":"Moodbites","description":"Tailored training program that helps mental health professionals use nutrition to support the well-being of people with mental disorders.","publisher":{"@id":"https:\/\/www.moodbites.eu\/pt-pt\/#organization"},"potentialAction":[{"@type":"SearchAction","target":{"@type":"EntryPoint","urlTemplate":"https:\/\/www.moodbites.eu\/pt-pt\/?s={search_term_string}"},"query-input":{"@type":"PropertyValueSpecification","valueRequired":true,"valueName":"search_term_string"}}],"inLanguage":"pt-PT"},{"@type":"Organization","@id":"https:\/\/www.moodbites.eu\/pt-pt\/#organization","name":"Moodbites","url":"https:\/\/www.moodbites.eu\/pt-pt\/","logo":{"@type":"ImageObject","inLanguage":"pt-PT","@id":"https:\/\/www.moodbites.eu\/pt-pt\/#\/schema\/logo\/image\/","url":"https:\/\/www.moodbites.eu\/wp-content\/uploads\/2025\/05\/logo.png","contentUrl":"https:\/\/www.moodbites.eu\/wp-content\/uploads\/2025\/05\/logo.png","width":160,"height":68,"caption":"Moodbites"},"image":{"@id":"https:\/\/www.moodbites.eu\/pt-pt\/#\/schema\/logo\/image\/"}}]}},"uagb_featured_image_src":{"full":false,"thumbnail":false,"medium":false,"medium_large":false,"large":false,"course_archive_thumbnail":false,"course_single_thumbnail":false,"lesson_archive_thumbnail":false,"lesson_single_thumbnail":false,"1536x1536":false,"2048x2048":false},"uagb_author_info":{"display_name":"juliacunyADMIN","author_link":"https:\/\/www.moodbites.eu\/pt-pt\/author\/juliacunyadmin\/"},"uagb_comment_info":0,"uagb_excerpt":"\u2696\ufe0f Aviso Legal \u2013 moodbites.eu Em conformidade com a Lei 34\/2002 sobre Servi\u00e7os da Sociedade da Informa\u00e7\u00e3o e Com\u00e9rcio Eletr\u00f3nico [&hellip;]","_links":{"self":[{"href":"https:\/\/www.moodbites.eu\/pt-pt\/wp-json\/wp\/v2\/pages\/1352","targetHints":{"allow":["GET"]}}],"collection":[{"href":"https:\/\/www.moodbites.eu\/pt-pt\/wp-json\/wp\/v2\/pages"}],"about":[{"href":"https:\/\/www.moodbites.eu\/pt-pt\/wp-json\/wp\/v2\/types\/page"}],"author":[{"embeddable":true,"href":"https:\/\/www.moodbites.eu\/pt-pt\/wp-json\/wp\/v2\/users\/1"}],"replies":[{"embeddable":true,"href":"https:\/\/www.moodbites.eu\/pt-pt\/wp-json\/wp\/v2\/comments?post=1352"}],"version-history":[{"count":2,"href":"https:\/\/www.moodbites.eu\/pt-pt\/wp-json\/wp\/v2\/pages\/1352\/revisions"}],"predecessor-version":[{"id":2189,"href":"https:\/\/www.moodbites.eu\/pt-pt\/wp-json\/wp\/v2\/pages\/1352\/revisions\/2189"}],"wp:attachment":[{"href":"https:\/\/www.moodbites.eu\/pt-pt\/wp-json\/wp\/v2\/media?parent=1352"}],"curies":[{"name":"wp","href":"https:\/\/api.w.org\/{rel}","templated":true}]}}